{"id":9052,"date":"2020-08-05T18:05:14","date_gmt":"2020-08-05T16:05:14","guid":{"rendered":"https:\/pregnant-zero-alcohol\/"},"modified":"2020-08-12T14:44:23","modified_gmt":"2020-08-12T12:44:23","slug":"pregnant-zero-alcohol","status":"publish","type":"page","link":"https:\/\/schwanger-null-promille.de\/en\/","title":{"rendered":"Pregnant?"},"content":{"rendered":"\n\t<h2>Information for Mothers-to-be<\/h2>\n<p><strong>Dear reader,<\/strong><\/p>\n<p>Pregnancy is a time of great expectations \u2013 in the old days you\u2019d have been asked \u2018are you expecting?\u2019 \u2013 expectations and hope that the baby will be healthy and that it will grow up to be a happy and contented adult. There are many ways in which we can contribute to that. Not to drink any alcohol during pregnancy is one of them. Alcohol is the most common cause of birth defects in children today.<\/p>\n<h3>Alcohol always presents a risk for the baby<\/h3>\n<p>From the beginning of pregnancy, alcohol puts the new life at risk. Any alcohol consumed by the mother-to-be ends up in the child\u2019s bloodstream. Once there, it is metabolised only very slowly.<\/p>\n<p>Alcohol is a cell toxin. It impedes the growth and development of the child\u2019s organs, especially that of nerve connections in the brain. This has a range of consequences ranging from behavioural problems, concentration or learning difficulties to severe mental disabilities and physical deformities. The most severe form of these defects is called \u2018Fetal Alcohol Syndrome\u2019 (FAS). Many children suffering from it will require life-long care and support.<\/p>\n<p>&nbsp;<\/p>\n\t\t\t\t<img decoding=\"async\" src=\"https:\/wp-content\/plugins\/beaver-builder-lite-version\/img\/pixel.png\" alt=\"\" itemprop=\"image\" onerror=\"this.style.display='none'\"  \/>\n\t<iframe loading=\"lazy\" title=\"Schwanger? Null Promille!\" width=\"1180\" height=\"664\" src=\"https:\/\/www.youtube.com\/embed\/sYZNx_qDIEo?feature=oembed\" frameborder=\"0\" allow=\"accelerometer; autoplay; encrypted-media; gyroscope; picture-in-picture\" allowfullscreen><\/iframe>\n<div class=\"wm-testimonials wm-posts-wrap clearfix scrollable-auto\"><div class=\"wm-testimonials-container wm-items-container with-margin stack\" data-columns=\"3\" data-time=\"2000\"><article class=\"wm-testimonials-item wm-testimonials-item-13010 wm-column width-1-3 with-margin testimonial_category-sprichworte\"><h2 class=\"screen-reader-text\">Helen am 8. Oktober 2017<\/h2><blockquote class=\"wm-testimonials-element wm-html-element content\"><p>Die zwei wundervollsten Zellhaufen der Welt<\/p>\n<\/blockquote><cite class=\"wm-testimonials-element wm-html-element source\"><a href=\"https:\/blog\/helen\/die-zwei-wundervollsten-zellhaufen-der-welt\/\" target=\"_self\"><span class=\"wm-testimonials-element wm-html-element author\">Helen<\/span><\/a><\/cite><\/article><article class=\"wm-testimonials-item wm-testimonials-item-13009 wm-column width-1-3 with-margin alt testimonial_category-sprichworte\"><h2 class=\"screen-reader-text\">John Lennon<\/h2><blockquote class=\"wm-testimonials-element wm-html-element content\"><p>Das Leben ist das, was passiert, w\u00e4hrend du eifrig dabei bist andere Pl\u00e4ne zu machen.<\/p>\n<\/blockquote><cite class=\"wm-testimonials-element wm-html-element source\"><a href=\"https:\/blog\/leben-ist-das-was-passiert\/\" target=\"_self\"><span class=\"wm-testimonials-element wm-html-element author\">John Lennon via Sandra im Januar 2021 <\/span><\/a><\/cite><\/article><article class=\"wm-testimonials-item wm-testimonials-item-13008 wm-column width-1-3 with-margin testimonial_category-sprichworte\"><h2 class=\"screen-reader-text\">Elena, 8. November 2020<\/h2><blockquote class=\"wm-testimonials-element wm-html-element content\"><p>Schwangerschaft geheim halten: Meine besten Alkohol-Ausreden<\/p>\n<\/blockquote><cite class=\"wm-testimonials-element wm-html-element source\"><a href=\"https:\/blog\/schwangerschaft-geheim-halten-alkohol-ausreden\/\" target=\"_self\"><span class=\"wm-testimonials-element wm-html-element author\">Elena, 8. November 2020<\/span><\/a><\/cite><\/article><article class=\"wm-testimonials-item wm-testimonials-item-227 wm-column width-1-3 with-margin alt testimonial_category-sprichworte\"><h2 class=\"screen-reader-text\">Oli E.<\/h2><blockquote class=\"wm-testimonials-element wm-html-element content\"><p>Mit der Geburt eines Kindes erschaffen wir ein neues Buch, dessen Seiten noch mit Inhalt gef\u00fcllt werden m\u00fcssen.<\/p>\n<\/blockquote><cite class=\"wm-testimonials-element wm-html-element source\"><a href=\"\/gemeinsam-stark\/fuer-vaeter\/\" target=\"_self\"><span class=\"wm-testimonials-element wm-html-element author\">Oliver E., Vater von zwei Kindern<\/span><\/a><\/cite><\/article><article class=\"wm-testimonials-item wm-testimonials-item-224 wm-column width-1-3 with-margin testimonial_category-sprichworte\"><h2 class=\"screen-reader-text\">Anita Diamant<\/h2><blockquote class=\"wm-testimonials-element wm-html-element content\"><p>Die Geburt ist der Moment, in dem Frauen den Mut finden, M\u00fctter zu werden.<\/p>\n<\/blockquote><cite class=\"wm-testimonials-element wm-html-element source\"><a href=\"\/gemeinsam-stark\/ein-wort-an-freunde-bekannte-arbeitskollegen\/\" target=\"_self\"><span class=\"wm-testimonials-element wm-html-element author\">Anita Diamant<\/span><\/a><\/cite><\/article><article class=\"wm-testimonials-item wm-testimonials-item-7336 wm-column width-1-3 with-margin alt testimonial_category-sprichworte\"><h2 class=\"screen-reader-text\">Elisabeth Stone<\/h2><blockquote class=\"wm-testimonials-element wm-html-element content\"><p>Die Entscheidung f\u00fcr ein Kind ist folgenschwer. Sie bedeutet, dass dein Herz immer auch in einem anderen K\u00f6rper schlagen wird.<\/p>\n<\/blockquote><cite class=\"wm-testimonials-element wm-html-element source\"><span class=\"wm-testimonials-element wm-html-element author\">Elisabeth Stone<\/span><\/cite><\/article><article class=\"wm-testimonials-item wm-testimonials-item-7332 wm-column width-1-3 with-margin testimonial_category-sprichworte\"><h2 class=\"screen-reader-text\">Novalis<\/h2><blockquote class=\"wm-testimonials-element wm-html-element content\"><p>Wenn aus Liebe Leben wird, bekommt das Gl\u00fcck einen Namen.<\/p>\n<\/blockquote><cite class=\"wm-testimonials-element wm-html-element source\"><span class=\"wm-testimonials-element wm-html-element author\">Novalis<\/span><\/cite><\/article><article class=\"wm-testimonials-item wm-testimonials-item-20700 wm-column width-1-3 with-margin alt testimonial_category-sprichworte\"><h2 class=\"screen-reader-text\">Jochen Mariss<\/h2><blockquote class=\"wm-testimonials-element wm-html-element content\"><p>Mit Kindern vergehen die Jahre wie im Fluge, doch Augenblicke werden zu Ewigkeiten.<\/p>\n<\/blockquote><cite class=\"wm-testimonials-element wm-html-element source\"><span class=\"wm-testimonials-element wm-html-element author\">Jochen Mariss<\/span><\/cite><\/article><article class=\"wm-testimonials-item wm-testimonials-item-226 wm-column width-1-3 with-margin testimonial_category-sprichworte\"><h2 class=\"screen-reader-text\">Friedrich Nietzsche<\/h2><blockquote class=\"wm-testimonials-element wm-html-element content\"><p>Man muss noch Chaos in sich haben, um einen tanzenden Stern geb\u00e4ren zu k\u00f6nnen.<\/p>\n<\/blockquote><cite class=\"wm-testimonials-element wm-html-element source\"><a href=\"\/gemeinsam-stark\/ein-wort-an-die-werdenden-grosseltern\/\" target=\"_self\"><span class=\"wm-testimonials-element wm-html-element author\">Friedrich Nietzsche<\/span><\/a><\/cite><\/article><article class=\"wm-testimonials-item wm-testimonials-item-7334 wm-column width-1-3 with-margin alt testimonial_category-sprichworte\"><h2 class=\"screen-reader-text\">Verfasser unbekannt<\/h2><blockquote class=\"wm-testimonials-element wm-html-element content\"><p>Das gro\u00dfe Gl\u00fcck ist manchmal ganz klein.<\/p>\n<\/blockquote><cite class=\"wm-testimonials-element wm-html-element source\"><span class=\"wm-testimonials-element wm-html-element author\">Verfasser unbekannt<\/span><\/cite><\/article><article class=\"wm-testimonials-item wm-testimonials-item-7331 wm-column width-1-3 with-margin testimonial_category-sprichworte\"><h2 class=\"screen-reader-text\">Johann Wolfgang von Goethe<\/h2><blockquote class=\"wm-testimonials-element wm-html-element content\"><p>Zwei Dinge sollten Kinder von ihren Eltern bekommen: Wurzeln und Fl\u00fcgel.<\/p>\n<\/blockquote><cite class=\"wm-testimonials-element wm-html-element source\"><span class=\"wm-testimonials-element wm-html-element author\">Johann Wolfgang von Goethe<\/span><\/cite><\/article><\/div><\/div>\n\t<h3>A few months of abstinence to keep a whole life safe<\/h3>\n<p>To this day, science has not been able to establish what amount of alcohol causes harm to a baby in the womb. Don\u2019t take any risks ! The safest way to protect your child from harm is not to drink any alcohol at all during pregnancy.<\/p>\n<h3>Do you need help?<\/h3>\n<p>Not every woman finds it easy to abstain from alcohol during pregnancy. If you have questions or need support, pregnancy support workers will be pleased to assist you further. Advice and counselling are available free of charge at pregnancy counselling services. You can find locations all over Bavaria at\u00a0<a href=\"\/?page_id=7095\">schwanger-null-promille.de\/weiterhelfen\/<\/a><\/p>\nThere you can also find the contact details for the anonymous online services of government-certified pregnancy counselling centres. You can access confidential and free advice there by email.<br \/>\nAnd, of course, you can also always get help from your doctor or midwife to make sure your baby arrives healthy. Our best wishes are with you!\n<p>The experts at the <a title=\"Bayerisches Zentrum f\u00fcr Pr\u00e4vention und Gesundheitsf\u00f6rderung\" href=\"http:\/\/www.zpg-bayern.de\/\" target=\"_blank\" rel=\"noopener noreferrer\">Bavarian Centre for Prevention and Health Promotion<\/a> (Bayerisches Zentrum f\u00fcr Pr\u00e4vention und Gesundheitsf\u00f6rderung) in collaboration with the members of the <a title=\"Pr\u00e4ventionspakt Bayern\" href=\"\/?page_id=93\">Bavarian Prevention Accord<\/a> (Pr\u00e4ventionspakt Bayern).<\/p>\n<h3>Everyone should know: Pregnant? \u2013 No alcohol!<\/h3>\n<p>Support makes it easier! Fathers, grandparents, siblings, aunts and uncles, cousins, colleagues and friends can support mothers-to-be in their effort not to drink alcohol during pregnancy. Pass on the facts and help &#8211; so that babies can be born healthy!<\/p>\n<p>&nbsp;<\/p>\n<hr \/>\n<p>\u00dcbersetzung aus dem Deutschen:\u00a0<a href=\"http:\/\/www.ethno-medizinisches-zentrum.de\/\">Ethno-Medizinisches Zentrum e.V.<\/a><\/p>\n<p>&nbsp;<\/p>\n","protected":false},"excerpt":{"rendered":"<div class=\"entry-summary\">\n<div class=\"entry-summary\">\nZwei Dinge sollten Kinder von ihren Eltern bekommen: Wurzeln und Fl\u00fcgel.\n<\/div>\n<\/div>\n","protected":false},"author":2,"featured_media":0,"parent":0,"menu_order":0,"comment_status":"closed","ping_status":"closed","template":"templates\/intro-widgets.php","meta":{"_acf_changed":false,"footnotes":""},"class_list":["post-9052","page","type-page","status-publish","hentry","entry"],"acf":[],"yoast_head":"<!-- This site is optimized with the Yoast SEO plugin v27.3 - https:\/\/yoast.com\/product\/yoast-seo-wordpress\/ -->\n<title>Pregnant? - Schwanger? Null Promille!<\/title>\n<meta name=\"robots\" content=\"index, follow, max-snippet:-1, max-image-preview:large, max-video-preview:-1\" \/>\n<link rel=\"canonical\" href=\"https:\/\/schwanger-null-promille.de\/en\/\" \/>\n<meta property=\"og:locale\" content=\"en_US\" \/>\n<meta property=\"og:type\" content=\"article\" \/>\n<meta property=\"og:title\" content=\"Pregnant? - Schwanger? Null Promille!\" \/>\n<meta property=\"og:description\" content=\"Zero Alcohol!\" \/>\n<meta property=\"og:url\" content=\"https:\/\/schwanger-null-promille.de\/en\/\" \/>\n<meta property=\"og:site_name\" content=\"Schwanger? Null Promille!\" \/>\n<meta property=\"article:publisher\" content=\"https:\/\/www.facebook.com\/SchwangerNullPromille\" \/>\n<meta property=\"article:modified_time\" content=\"2020-08-12T12:44:23+00:00\" \/>\n<meta property=\"og:image\" content=\"https:\/\/schwanger-null-promille.de\/wp-content\/uploads\/2023\/07\/Schwanger-Null-Promille-POSTKARTEN-2023-Serie-12_005-scaled.jpg\" \/>\n\t<meta property=\"og:image:width\" content=\"2560\" \/>\n\t<meta property=\"og:image:height\" content=\"1826\" \/>\n\t<meta property=\"og:image:type\" content=\"image\/jpeg\" \/>\n<meta name=\"twitter:card\" content=\"summary_large_image\" \/>\n<meta name=\"twitter:label1\" content=\"Est. reading time\" \/>\n\t<meta name=\"twitter:data1\" content=\"2 minutes\" \/>\n<script type=\"application\/ld+json\" class=\"yoast-schema-graph\">{\"@context\":\"https:\\\/\\\/schema.org\",\"@graph\":[{\"@type\":\"WebPage\",\"@id\":\"https:\\\/\\\/schwanger-null-promille.de\\\/en\\\/\",\"url\":\"https:\\\/\\\/schwanger-null-promille.de\\\/en\\\/\",\"name\":\"Pregnant? - Schwanger? Null Promille!\",\"isPartOf\":{\"@id\":\"https:\\\/\\\/schwanger-null-promille.de\\\/en\\\/#website\"},\"datePublished\":\"2020-08-05T16:05:14+00:00\",\"dateModified\":\"2020-08-12T12:44:23+00:00\",\"breadcrumb\":{\"@id\":\"https:\\\/\\\/schwanger-null-promille.de\\\/en\\\/#breadcrumb\"},\"inLanguage\":\"en-US\",\"potentialAction\":[{\"@type\":\"ReadAction\",\"target\":[\"https:\\\/\\\/schwanger-null-promille.de\\\/en\\\/\"]}]},{\"@type\":\"BreadcrumbList\",\"@id\":\"https:\\\/\\\/schwanger-null-promille.de\\\/en\\\/#breadcrumb\",\"itemListElement\":[{\"@type\":\"ListItem\",\"position\":1,\"name\":\"Home\",\"item\":\"https:\\\/\\\/schwanger-null-promille.de\\\/en\\\/\"},{\"@type\":\"ListItem\",\"position\":2,\"name\":\"Pregnant?\"}]},{\"@type\":\"WebSite\",\"@id\":\"https:\\\/\\\/schwanger-null-promille.de\\\/en\\\/#website\",\"url\":\"https:\\\/\\\/schwanger-null-promille.de\\\/en\\\/\",\"name\":\"Schwanger? Null Promille!\",\"description\":\"Informationen f\u00fcr werdende M\u00fctter und alle, die sie in der Schwangerschaft begleiten\",\"publisher\":{\"@id\":\"https:\\\/\\\/schwanger-null-promille.de\\\/en\\\/#organization\"},\"alternateName\":\"Kein Tropfen Alkohol in der Schwangerschaft: kleiner Verzicht, gr\u00f6\u00dftes Gl\u00fcck!\",\"potentialAction\":[{\"@type\":\"SearchAction\",\"target\":{\"@type\":\"EntryPoint\",\"urlTemplate\":\"https:\\\/\\\/schwanger-null-promille.de\\\/en\\\/?s={search_term_string}\"},\"query-input\":{\"@type\":\"PropertyValueSpecification\",\"valueRequired\":true,\"valueName\":\"search_term_string\"}}],\"inLanguage\":\"en-US\"},{\"@type\":\"Organization\",\"@id\":\"https:\\\/\\\/schwanger-null-promille.de\\\/en\\\/#organization\",\"name\":\"Bayerisches Zentrum f\u00fcr Pr\u00e4vention und Gesundheitsf\u00f6rderung im LGL Bayern\",\"alternateName\":\"ZPG Bayern\",\"url\":\"https:\\\/\\\/schwanger-null-promille.de\\\/en\\\/\",\"logo\":{\"@type\":\"ImageObject\",\"inLanguage\":\"en-US\",\"@id\":\"https:\\\/\\\/schwanger-null-promille.de\\\/en\\\/#\\\/schema\\\/logo\\\/image\\\/\",\"url\":\"https:\\\/\\\/schwanger-null-promille.de\\\/wp-content\\\/uploads\\\/2019\\\/09\\\/cropped-Schwanger-Null-Promille-LOGO-1of2-Textmarke.png\",\"contentUrl\":\"https:\\\/\\\/schwanger-null-promille.de\\\/wp-content\\\/uploads\\\/2019\\\/09\\\/cropped-Schwanger-Null-Promille-LOGO-1of2-Textmarke.png\",\"width\":749,\"height\":254,\"caption\":\"Bayerisches Zentrum f\u00fcr Pr\u00e4vention und Gesundheitsf\u00f6rderung im LGL Bayern\"},\"image\":{\"@id\":\"https:\\\/\\\/schwanger-null-promille.de\\\/en\\\/#\\\/schema\\\/logo\\\/image\\\/\"},\"sameAs\":[\"https:\\\/\\\/www.facebook.com\\\/SchwangerNullPromille\"]}]}<\/script>\n<!-- \/ Yoast SEO plugin. -->","yoast_head_json":{"title":"Pregnant? - Schwanger? Null Promille!","robots":{"index":"index","follow":"follow","max-snippet":"max-snippet:-1","max-image-preview":"max-image-preview:large","max-video-preview":"max-video-preview:-1"},"canonical":"https:\/\/schwanger-null-promille.de\/en\/","og_locale":"en_US","og_type":"article","og_title":"Pregnant? - Schwanger? Null Promille!","og_description":"Zero Alcohol!","og_url":"https:\/\/schwanger-null-promille.de\/en\/","og_site_name":"Schwanger? Null Promille!","article_publisher":"https:\/\/www.facebook.com\/SchwangerNullPromille","article_modified_time":"2020-08-12T12:44:23+00:00","og_image":[{"width":2560,"height":1826,"url":"https:\/\/schwanger-null-promille.de\/wp-content\/uploads\/2023\/07\/Schwanger-Null-Promille-POSTKARTEN-2023-Serie-12_005-scaled.jpg","type":"image\/jpeg"}],"twitter_card":"summary_large_image","twitter_misc":{"Est. reading time":"2 minutes"},"schema":{"@context":"https:\/\/schema.org","@graph":[{"@type":"WebPage","@id":"https:\/\/schwanger-null-promille.de\/en\/","url":"https:\/\/schwanger-null-promille.de\/en\/","name":"Pregnant? - Schwanger? Null Promille!","isPartOf":{"@id":"https:\/\/schwanger-null-promille.de\/en\/#website"},"datePublished":"2020-08-05T16:05:14+00:00","dateModified":"2020-08-12T12:44:23+00:00","breadcrumb":{"@id":"https:\/\/schwanger-null-promille.de\/en\/#breadcrumb"},"inLanguage":"en-US","potentialAction":[{"@type":"ReadAction","target":["https:\/\/schwanger-null-promille.de\/en\/"]}]},{"@type":"BreadcrumbList","@id":"https:\/\/schwanger-null-promille.de\/en\/#breadcrumb","itemListElement":[{"@type":"ListItem","position":1,"name":"Home","item":"https:\/\/schwanger-null-promille.de\/en\/"},{"@type":"ListItem","position":2,"name":"Pregnant?"}]},{"@type":"WebSite","@id":"https:\/\/schwanger-null-promille.de\/en\/#website","url":"https:\/\/schwanger-null-promille.de\/en\/","name":"Schwanger? Null Promille!","description":"Informationen f\u00fcr werdende M\u00fctter und alle, die sie in der Schwangerschaft begleiten","publisher":{"@id":"https:\/\/schwanger-null-promille.de\/en\/#organization"},"alternateName":"Kein Tropfen Alkohol in der Schwangerschaft: kleiner Verzicht, gr\u00f6\u00dftes Gl\u00fcck!","potentialAction":[{"@type":"SearchAction","target":{"@type":"EntryPoint","urlTemplate":"https:\/\/schwanger-null-promille.de\/en\/?s={search_term_string}"},"query-input":{"@type":"PropertyValueSpecification","valueRequired":true,"valueName":"search_term_string"}}],"inLanguage":"en-US"},{"@type":"Organization","@id":"https:\/\/schwanger-null-promille.de\/en\/#organization","name":"Bayerisches Zentrum f\u00fcr Pr\u00e4vention und Gesundheitsf\u00f6rderung im LGL Bayern","alternateName":"ZPG Bayern","url":"https:\/\/schwanger-null-promille.de\/en\/","logo":{"@type":"ImageObject","inLanguage":"en-US","@id":"https:\/\/schwanger-null-promille.de\/en\/#\/schema\/logo\/image\/","url":"https:\/\/schwanger-null-promille.de\/wp-content\/uploads\/2019\/09\/cropped-Schwanger-Null-Promille-LOGO-1of2-Textmarke.png","contentUrl":"https:\/\/schwanger-null-promille.de\/wp-content\/uploads\/2019\/09\/cropped-Schwanger-Null-Promille-LOGO-1of2-Textmarke.png","width":749,"height":254,"caption":"Bayerisches Zentrum f\u00fcr Pr\u00e4vention und Gesundheitsf\u00f6rderung im LGL Bayern"},"image":{"@id":"https:\/\/schwanger-null-promille.de\/en\/#\/schema\/logo\/image\/"},"sameAs":["https:\/\/www.facebook.com\/SchwangerNullPromille"]}]}},"_links":{"self":[{"href":"https:\/\/schwanger-null-promille.de\/en\/wp-json\/wp\/v2\/pages\/9052","targetHints":{"allow":["GET"]}}],"collection":[{"href":"https:\/\/schwanger-null-promille.de\/en\/wp-json\/wp\/v2\/pages"}],"about":[{"href":"https:\/\/schwanger-null-promille.de\/en\/wp-json\/wp\/v2\/types\/page"}],"author":[{"embeddable":true,"href":"https:\/\/schwanger-null-promille.de\/en\/wp-json\/wp\/v2\/users\/2"}],"replies":[{"embeddable":true,"href":"https:\/\/schwanger-null-promille.de\/en\/wp-json\/wp\/v2\/comments?post=9052"}],"version-history":[{"count":6,"href":"https:\/\/schwanger-null-promille.de\/en\/wp-json\/wp\/v2\/pages\/9052\/revisions"}],"predecessor-version":[{"id":9240,"href":"https:\/\/schwanger-null-promille.de\/en\/wp-json\/wp\/v2\/pages\/9052\/revisions\/9240"}],"wp:attachment":[{"href":"https:\/\/schwanger-null-promille.de\/en\/wp-json\/wp\/v2\/media?parent=9052"}],"curies":[{"name":"wp","href":"https:\/\/api.w.org\/{rel}","templated":true}]}}