{"id":9102,"date":"2020-08-05T19:16:50","date_gmt":"2020-08-05T17:16:50","guid":{"rendered":"https:\/embarazada\/"},"modified":"2020-08-12T15:24:19","modified_gmt":"2020-08-12T13:24:19","slug":"embarazada","status":"publish","type":"page","link":"https:\/\/schwanger-null-promille.de\/es\/","title":{"rendered":"\u00bfEmbarazada?"},"content":{"rendered":"\n\t<h2>Informaci\u00f3n para las futuras madres<\/h2>\n<p><strong>Estimada lectora:<\/strong><\/p>\n<p>El embarazo es un per\u00edodo de esperanza, dice un dicho algo pasado de moda. Esperanza de que el beb\u00e9 por venir llegue sano al mundo, de modo que se convierta en una persona feliz y contenta. Hay mucho que podemos hacer para que esto suceda. Algunas de las cosas que tambi\u00e9n podemos hacer es no beber alcohol durante el embarazo, ya que el alcohol es hoy en d\u00eda una de las causas m\u00e1s frecuentes de discapacidades cong\u00e9nitas.<\/p>\n<h3>El alcohol es siempre un riesgo para el beb\u00e9<\/h3>\n<p>Desde el principio del embarazo el alcohol pone en riesgo la vida del que est\u00e1 por nacer. Si una futura madre bebe, el alcohol llega tambi\u00e9n al sistema sangu\u00edneo del ni\u00f1o, que s\u00f3lo lo puede asimilar muy lentamente.<\/p>\n<p>&nbsp;<\/p>\n<p>&nbsp;<\/p>\n\t<p>&nbsp;<\/p>\n\t<p>&nbsp;<\/p>\n\t\t\t\t<img decoding=\"async\" src=\"https:\/wp-content\/plugins\/beaver-builder-lite-version\/img\/pixel.png\" alt=\"\" itemprop=\"image\" onerror=\"this.style.display='none'\"  \/>\n\t<p>&nbsp;<\/p>\n\t<iframe loading=\"lazy\" title=\"Schwanger? Null Promille!\" width=\"1180\" height=\"664\" src=\"https:\/\/www.youtube.com\/embed\/sYZNx_qDIEo?feature=oembed\" frameborder=\"0\" allow=\"accelerometer; autoplay; encrypted-media; gyroscope; picture-in-picture\" allowfullscreen><\/iframe>\n<div class=\"wm-testimonials wm-posts-wrap clearfix scrollable-auto\"><div class=\"wm-testimonials-container wm-items-container with-margin stack\" data-columns=\"3\" data-time=\"2000\"><article class=\"wm-testimonials-item wm-testimonials-item-226 wm-column width-1-3 with-margin testimonial_category-sprichworte\"><h2 class=\"screen-reader-text\">Friedrich Nietzsche<\/h2><blockquote class=\"wm-testimonials-element wm-html-element content\"><p>Man muss noch Chaos in sich haben, um einen tanzenden Stern geb\u00e4ren zu k\u00f6nnen.<\/p>\n<\/blockquote><cite class=\"wm-testimonials-element wm-html-element source\"><a href=\"\/gemeinsam-stark\/ein-wort-an-die-werdenden-grosseltern\/\" target=\"_self\"><span class=\"wm-testimonials-element wm-html-element author\">Friedrich Nietzsche<\/span><\/a><\/cite><\/article><article class=\"wm-testimonials-item wm-testimonials-item-13008 wm-column width-1-3 with-margin alt testimonial_category-sprichworte\"><h2 class=\"screen-reader-text\">Elena, 8. November 2020<\/h2><blockquote class=\"wm-testimonials-element wm-html-element content\"><p>Schwangerschaft geheim halten: Meine besten Alkohol-Ausreden<\/p>\n<\/blockquote><cite class=\"wm-testimonials-element wm-html-element source\"><a href=\"https:\/blog\/schwangerschaft-geheim-halten-alkohol-ausreden\/\" target=\"_self\"><span class=\"wm-testimonials-element wm-html-element author\">Elena, 8. November 2020<\/span><\/a><\/cite><\/article><article class=\"wm-testimonials-item wm-testimonials-item-7332 wm-column width-1-3 with-margin testimonial_category-sprichworte\"><h2 class=\"screen-reader-text\">Novalis<\/h2><blockquote class=\"wm-testimonials-element wm-html-element content\"><p>Wenn aus Liebe Leben wird, bekommt das Gl\u00fcck einen Namen.<\/p>\n<\/blockquote><cite class=\"wm-testimonials-element wm-html-element source\"><span class=\"wm-testimonials-element wm-html-element author\">Novalis<\/span><\/cite><\/article><article class=\"wm-testimonials-item wm-testimonials-item-224 wm-column width-1-3 with-margin alt testimonial_category-sprichworte\"><h2 class=\"screen-reader-text\">Anita Diamant<\/h2><blockquote class=\"wm-testimonials-element wm-html-element content\"><p>Die Geburt ist der Moment, in dem Frauen den Mut finden, M\u00fctter zu werden.<\/p>\n<\/blockquote><cite class=\"wm-testimonials-element wm-html-element source\"><a href=\"\/gemeinsam-stark\/ein-wort-an-freunde-bekannte-arbeitskollegen\/\" target=\"_self\"><span class=\"wm-testimonials-element wm-html-element author\">Anita Diamant<\/span><\/a><\/cite><\/article><article class=\"wm-testimonials-item wm-testimonials-item-20700 wm-column width-1-3 with-margin testimonial_category-sprichworte\"><h2 class=\"screen-reader-text\">Jochen Mariss<\/h2><blockquote class=\"wm-testimonials-element wm-html-element content\"><p>Mit Kindern vergehen die Jahre wie im Fluge, doch Augenblicke werden zu Ewigkeiten.<\/p>\n<\/blockquote><cite class=\"wm-testimonials-element wm-html-element source\"><span class=\"wm-testimonials-element wm-html-element author\">Jochen Mariss<\/span><\/cite><\/article><article class=\"wm-testimonials-item wm-testimonials-item-227 wm-column width-1-3 with-margin alt testimonial_category-sprichworte\"><h2 class=\"screen-reader-text\">Oli E.<\/h2><blockquote class=\"wm-testimonials-element wm-html-element content\"><p>Mit der Geburt eines Kindes erschaffen wir ein neues Buch, dessen Seiten noch mit Inhalt gef\u00fcllt werden m\u00fcssen.<\/p>\n<\/blockquote><cite class=\"wm-testimonials-element wm-html-element source\"><a href=\"\/gemeinsam-stark\/fuer-vaeter\/\" target=\"_self\"><span class=\"wm-testimonials-element wm-html-element author\">Oliver E., Vater von zwei Kindern<\/span><\/a><\/cite><\/article><article class=\"wm-testimonials-item wm-testimonials-item-13010 wm-column width-1-3 with-margin testimonial_category-sprichworte\"><h2 class=\"screen-reader-text\">Helen am 8. Oktober 2017<\/h2><blockquote class=\"wm-testimonials-element wm-html-element content\"><p>Die zwei wundervollsten Zellhaufen der Welt<\/p>\n<\/blockquote><cite class=\"wm-testimonials-element wm-html-element source\"><a href=\"https:\/blog\/helen\/die-zwei-wundervollsten-zellhaufen-der-welt\/\" target=\"_self\"><span class=\"wm-testimonials-element wm-html-element author\">Helen<\/span><\/a><\/cite><\/article><article class=\"wm-testimonials-item wm-testimonials-item-7334 wm-column width-1-3 with-margin alt testimonial_category-sprichworte\"><h2 class=\"screen-reader-text\">Verfasser unbekannt<\/h2><blockquote class=\"wm-testimonials-element wm-html-element content\"><p>Das gro\u00dfe Gl\u00fcck ist manchmal ganz klein.<\/p>\n<\/blockquote><cite class=\"wm-testimonials-element wm-html-element source\"><span class=\"wm-testimonials-element wm-html-element author\">Verfasser unbekannt<\/span><\/cite><\/article><article class=\"wm-testimonials-item wm-testimonials-item-7336 wm-column width-1-3 with-margin testimonial_category-sprichworte\"><h2 class=\"screen-reader-text\">Elisabeth Stone<\/h2><blockquote class=\"wm-testimonials-element wm-html-element content\"><p>Die Entscheidung f\u00fcr ein Kind ist folgenschwer. Sie bedeutet, dass dein Herz immer auch in einem anderen K\u00f6rper schlagen wird.<\/p>\n<\/blockquote><cite class=\"wm-testimonials-element wm-html-element source\"><span class=\"wm-testimonials-element wm-html-element author\">Elisabeth Stone<\/span><\/cite><\/article><article class=\"wm-testimonials-item wm-testimonials-item-7331 wm-column width-1-3 with-margin alt testimonial_category-sprichworte\"><h2 class=\"screen-reader-text\">Johann Wolfgang von Goethe<\/h2><blockquote class=\"wm-testimonials-element wm-html-element content\"><p>Zwei Dinge sollten Kinder von ihren Eltern bekommen: Wurzeln und Fl\u00fcgel.<\/p>\n<\/blockquote><cite class=\"wm-testimonials-element wm-html-element source\"><span class=\"wm-testimonials-element wm-html-element author\">Johann Wolfgang von Goethe<\/span><\/cite><\/article><article class=\"wm-testimonials-item wm-testimonials-item-13009 wm-column width-1-3 with-margin testimonial_category-sprichworte\"><h2 class=\"screen-reader-text\">John Lennon<\/h2><blockquote class=\"wm-testimonials-element wm-html-element content\"><p>Das Leben ist das, was passiert, w\u00e4hrend du eifrig dabei bist andere Pl\u00e4ne zu machen.<\/p>\n<\/blockquote><cite class=\"wm-testimonials-element wm-html-element source\"><a href=\"https:\/blog\/leben-ist-das-was-passiert\/\" target=\"_self\"><span class=\"wm-testimonials-element wm-html-element author\">John Lennon via Sandra im Januar 2021 <\/span><\/a><\/cite><\/article><\/div><\/div>\n\t<p>&nbsp;<\/p>\n\t<p>&nbsp;<\/p>\n<p>El alcohol es un veneno para las c\u00e9lulas. Este afecta al crecimiento y al desarrollo de los \u00f3rganos del ni\u00f1o, sobre todo a las terminaciones nerviosas del cerebro. Las consecuencias son varias, desde problemas de comportamiento, falta de concentraci\u00f3n o dificultad de aprendizaje hasta grave retraso mental y malformaciones. El da\u00f1o m\u00e1s severo de estos es el llamado s\u00edndrome alcoh\u00f3lico fetal (\u201cFAS\u201d). Muchos ni\u00f1os que lo padecen, requerir\u00e1n durante toda su vida de asistencia y cuidados.<\/p>\n<h3>Unos cuantos meses de abstinencia- Seguridad toda una vida<\/h3>\n<p>Hasta ahora no se sabe a ciencia cierta, cu\u00e1nto alcohol es necesario para da\u00f1ar al beb\u00e9 dentro del seno materno. \u00a1Es por eso que usted no debe de arriesgarse! La forma m\u00e1s segura de proteger a su ni\u00f1o es que usted no beba nada de alcohol durante el embarazo.<\/p>\n<h3>\u00bfNecesita ayuda?<\/h3>\n<p>Dejar de consumir alcohol durante el embarazo no es f\u00e1cil para todas mujeres. Si usted tiene dudas o necesita apoyo, los trabajadores de la oficina de asesoramiento para las embarazadas le ayudar\u00e1n con gusto. Este asesoramiento no conlleva costo alguno para usted. Las direcciones para toda Baviera las encontrar\u00e1 bajo:\u00a0<a href=\"\/?page_id=7095\">schwanger-null-promille.de\/weiterhelfen\/<\/a><\/p>\nAh\u00ed encontrar\u00e1 tambi\u00e9n un contacto de los centros de asesoramiento reconocidos por el estado para la consulta an\u00f3nima on line para embarazadas. Aqu\u00ed puede usted tambi\u00e9n pedir consejo por e-mail de manera an\u00f3nima y gratuita.<br \/>\nY naturalmente, si tiene algunas dudas, siempre le ayudar\u00e1n su m\u00e9dico o su matrona- para que su beb\u00e9 llegue sano al mundo. \u00a1Nosotros le deseamos lo mejor de todo coraz\u00f3n!\n<p>Los expertos del <a title=\"Bayerisches Zentrum f\u00fcr Pr\u00e4vention und Gesundheitsf\u00f6rderung\" href=\"http:\/\/www.zpg-bayern.de\/\" target=\"_blank\" rel=\"noopener noreferrer\">Centro para la Prevenci\u00f3n y la Promoci\u00f3n de la Salud de Baviera<\/a> (Bayerisches Zentrum f\u00fcr Pr\u00e4vention und Gesundheitsf\u00f6rderung) junto con <a title=\"Pr\u00e4ventionspakt Bayern\" href=\"https:\/bau-snp\/praventionspakt-bayern-am-bayerischen-staatsministerium-fur-umwelt-und-gesundheit\/\">los miembros del pacto de prevenci\u00f3n de Baviera<\/a> (Pr\u00e4ventionspakt Bayern).<\/p>\n<h3>Esto lo tienen que saber todos: \u00bfEmbarazada? \u00a1Cero alcohol!<\/h3>\n<p>\u00a1Con el apoyo de todos es mucho m\u00e1s f\u00e1cil! Padres, abuelos, hermanos y hermanas, t\u00edas y t\u00edos, primos y primas, compa\u00f1eros de trabajo, amigos y amigas pueden ayudar a la futura madre para no beber alcohol durante el embarazo. Transmita la informaci\u00f3n a otros, \u00a1Preste su ayuda para que los beb\u00e9s lleguen sanos al mundo!<\/p>\n<p>&nbsp;<\/p>\n<hr \/>\n<p>\u00dcbersetzung aus dem Deutschen:\u00a0<a href=\"http:\/\/www.ethno-medizinisches-zentrum.de\/\">Ethno-Medizinisches Zentrum e.V.<\/a><\/p>\n<p>&nbsp;<\/p>\n","protected":false},"excerpt":{"rendered":"<div class=\"entry-summary\">\n<div class=\"entry-summary\">\nDas Leben ist das, was passiert, w\u00e4hrend du eifrig dabei bist andere Pl\u00e4ne zu machen.\n<\/div>\n<\/div>\n","protected":false},"author":2,"featured_media":0,"parent":0,"menu_order":0,"comment_status":"closed","ping_status":"closed","template":"templates\/intro-widgets.php","meta":{"_acf_changed":false,"footnotes":""},"class_list":["post-9102","page","type-page","status-publish","hentry","entry"],"acf":[],"yoast_head":"<!-- This site is optimized with the Yoast SEO plugin v27.3 - https:\/\/yoast.com\/product\/yoast-seo-wordpress\/ -->\n<title>\u00bfEmbarazada? - Schwanger? Null Promille!<\/title>\n<meta name=\"robots\" content=\"index, follow, max-snippet:-1, max-image-preview:large, max-video-preview:-1\" \/>\n<link rel=\"canonical\" href=\"https:\/\/schwanger-null-promille.de\/es\/\" \/>\n<meta property=\"og:locale\" content=\"es_ES\" \/>\n<meta property=\"og:type\" content=\"article\" \/>\n<meta property=\"og:title\" content=\"\u00bfEmbarazada? - Schwanger? Null Promille!\" \/>\n<meta property=\"og:description\" content=\"\u00a1Cero alcohol!\" \/>\n<meta property=\"og:url\" content=\"https:\/\/schwanger-null-promille.de\/es\/\" \/>\n<meta property=\"og:site_name\" content=\"Schwanger? Null Promille!\" \/>\n<meta property=\"article:publisher\" content=\"https:\/\/www.facebook.com\/SchwangerNullPromille\" \/>\n<meta property=\"article:modified_time\" content=\"2020-08-12T13:24:19+00:00\" \/>\n<meta property=\"og:image\" content=\"https:\/\/schwanger-null-promille.de\/wp-content\/uploads\/2023\/07\/Schwanger-Null-Promille-POSTKARTEN-2023-Serie-12_005-scaled.jpg\" \/>\n\t<meta property=\"og:image:width\" content=\"2560\" \/>\n\t<meta property=\"og:image:height\" content=\"1826\" \/>\n\t<meta property=\"og:image:type\" content=\"image\/jpeg\" \/>\n<meta name=\"twitter:card\" content=\"summary_large_image\" \/>\n<meta name=\"twitter:label1\" content=\"Tiempo de lectura\" \/>\n\t<meta name=\"twitter:data1\" content=\"3 minutos\" \/>\n<script type=\"application\/ld+json\" class=\"yoast-schema-graph\">{\"@context\":\"https:\\\/\\\/schema.org\",\"@graph\":[{\"@type\":\"WebPage\",\"@id\":\"https:\\\/\\\/schwanger-null-promille.de\\\/es\\\/\",\"url\":\"https:\\\/\\\/schwanger-null-promille.de\\\/es\\\/\",\"name\":\"\u00bfEmbarazada? - Schwanger? Null Promille!\",\"isPartOf\":{\"@id\":\"https:\\\/\\\/schwanger-null-promille.de\\\/es\\\/#website\"},\"datePublished\":\"2020-08-05T17:16:50+00:00\",\"dateModified\":\"2020-08-12T13:24:19+00:00\",\"breadcrumb\":{\"@id\":\"https:\\\/\\\/schwanger-null-promille.de\\\/es\\\/#breadcrumb\"},\"inLanguage\":\"es\",\"potentialAction\":[{\"@type\":\"ReadAction\",\"target\":[\"https:\\\/\\\/schwanger-null-promille.de\\\/es\\\/\"]}]},{\"@type\":\"BreadcrumbList\",\"@id\":\"https:\\\/\\\/schwanger-null-promille.de\\\/es\\\/#breadcrumb\",\"itemListElement\":[{\"@type\":\"ListItem\",\"position\":1,\"name\":\"Home\",\"item\":\"https:\\\/\\\/schwanger-null-promille.de\\\/es\\\/\"},{\"@type\":\"ListItem\",\"position\":2,\"name\":\"\u00bfEmbarazada?\"}]},{\"@type\":\"WebSite\",\"@id\":\"https:\\\/\\\/schwanger-null-promille.de\\\/es\\\/#website\",\"url\":\"https:\\\/\\\/schwanger-null-promille.de\\\/es\\\/\",\"name\":\"Schwanger? Null Promille!\",\"description\":\"Informationen f\u00fcr werdende M\u00fctter und alle, die sie in der Schwangerschaft begleiten\",\"publisher\":{\"@id\":\"https:\\\/\\\/schwanger-null-promille.de\\\/es\\\/#organization\"},\"alternateName\":\"Kein Tropfen Alkohol in der Schwangerschaft: kleiner Verzicht, gr\u00f6\u00dftes Gl\u00fcck!\",\"potentialAction\":[{\"@type\":\"SearchAction\",\"target\":{\"@type\":\"EntryPoint\",\"urlTemplate\":\"https:\\\/\\\/schwanger-null-promille.de\\\/es\\\/?s={search_term_string}\"},\"query-input\":{\"@type\":\"PropertyValueSpecification\",\"valueRequired\":true,\"valueName\":\"search_term_string\"}}],\"inLanguage\":\"es\"},{\"@type\":\"Organization\",\"@id\":\"https:\\\/\\\/schwanger-null-promille.de\\\/es\\\/#organization\",\"name\":\"Bayerisches Zentrum f\u00fcr Pr\u00e4vention und Gesundheitsf\u00f6rderung im LGL Bayern\",\"alternateName\":\"ZPG Bayern\",\"url\":\"https:\\\/\\\/schwanger-null-promille.de\\\/es\\\/\",\"logo\":{\"@type\":\"ImageObject\",\"inLanguage\":\"es\",\"@id\":\"https:\\\/\\\/schwanger-null-promille.de\\\/es\\\/#\\\/schema\\\/logo\\\/image\\\/\",\"url\":\"https:\\\/\\\/schwanger-null-promille.de\\\/wp-content\\\/uploads\\\/2019\\\/09\\\/cropped-Schwanger-Null-Promille-LOGO-1of2-Textmarke.png\",\"contentUrl\":\"https:\\\/\\\/schwanger-null-promille.de\\\/wp-content\\\/uploads\\\/2019\\\/09\\\/cropped-Schwanger-Null-Promille-LOGO-1of2-Textmarke.png\",\"width\":749,\"height\":254,\"caption\":\"Bayerisches Zentrum f\u00fcr Pr\u00e4vention und Gesundheitsf\u00f6rderung im LGL Bayern\"},\"image\":{\"@id\":\"https:\\\/\\\/schwanger-null-promille.de\\\/es\\\/#\\\/schema\\\/logo\\\/image\\\/\"},\"sameAs\":[\"https:\\\/\\\/www.facebook.com\\\/SchwangerNullPromille\"]}]}<\/script>\n<!-- \/ Yoast SEO plugin. -->","yoast_head_json":{"title":"\u00bfEmbarazada? - Schwanger? Null Promille!","robots":{"index":"index","follow":"follow","max-snippet":"max-snippet:-1","max-image-preview":"max-image-preview:large","max-video-preview":"max-video-preview:-1"},"canonical":"https:\/\/schwanger-null-promille.de\/es\/","og_locale":"es_ES","og_type":"article","og_title":"\u00bfEmbarazada? - Schwanger? Null Promille!","og_description":"\u00a1Cero alcohol!","og_url":"https:\/\/schwanger-null-promille.de\/es\/","og_site_name":"Schwanger? Null Promille!","article_publisher":"https:\/\/www.facebook.com\/SchwangerNullPromille","article_modified_time":"2020-08-12T13:24:19+00:00","og_image":[{"width":2560,"height":1826,"url":"https:\/\/schwanger-null-promille.de\/wp-content\/uploads\/2023\/07\/Schwanger-Null-Promille-POSTKARTEN-2023-Serie-12_005-scaled.jpg","type":"image\/jpeg"}],"twitter_card":"summary_large_image","twitter_misc":{"Tiempo de lectura":"3 minutos"},"schema":{"@context":"https:\/\/schema.org","@graph":[{"@type":"WebPage","@id":"https:\/\/schwanger-null-promille.de\/es\/","url":"https:\/\/schwanger-null-promille.de\/es\/","name":"\u00bfEmbarazada? - Schwanger? Null Promille!","isPartOf":{"@id":"https:\/\/schwanger-null-promille.de\/es\/#website"},"datePublished":"2020-08-05T17:16:50+00:00","dateModified":"2020-08-12T13:24:19+00:00","breadcrumb":{"@id":"https:\/\/schwanger-null-promille.de\/es\/#breadcrumb"},"inLanguage":"es","potentialAction":[{"@type":"ReadAction","target":["https:\/\/schwanger-null-promille.de\/es\/"]}]},{"@type":"BreadcrumbList","@id":"https:\/\/schwanger-null-promille.de\/es\/#breadcrumb","itemListElement":[{"@type":"ListItem","position":1,"name":"Home","item":"https:\/\/schwanger-null-promille.de\/es\/"},{"@type":"ListItem","position":2,"name":"\u00bfEmbarazada?"}]},{"@type":"WebSite","@id":"https:\/\/schwanger-null-promille.de\/es\/#website","url":"https:\/\/schwanger-null-promille.de\/es\/","name":"Schwanger? Null Promille!","description":"Informationen f\u00fcr werdende M\u00fctter und alle, die sie in der Schwangerschaft begleiten","publisher":{"@id":"https:\/\/schwanger-null-promille.de\/es\/#organization"},"alternateName":"Kein Tropfen Alkohol in der Schwangerschaft: kleiner Verzicht, gr\u00f6\u00dftes Gl\u00fcck!","potentialAction":[{"@type":"SearchAction","target":{"@type":"EntryPoint","urlTemplate":"https:\/\/schwanger-null-promille.de\/es\/?s={search_term_string}"},"query-input":{"@type":"PropertyValueSpecification","valueRequired":true,"valueName":"search_term_string"}}],"inLanguage":"es"},{"@type":"Organization","@id":"https:\/\/schwanger-null-promille.de\/es\/#organization","name":"Bayerisches Zentrum f\u00fcr Pr\u00e4vention und Gesundheitsf\u00f6rderung im LGL Bayern","alternateName":"ZPG Bayern","url":"https:\/\/schwanger-null-promille.de\/es\/","logo":{"@type":"ImageObject","inLanguage":"es","@id":"https:\/\/schwanger-null-promille.de\/es\/#\/schema\/logo\/image\/","url":"https:\/\/schwanger-null-promille.de\/wp-content\/uploads\/2019\/09\/cropped-Schwanger-Null-Promille-LOGO-1of2-Textmarke.png","contentUrl":"https:\/\/schwanger-null-promille.de\/wp-content\/uploads\/2019\/09\/cropped-Schwanger-Null-Promille-LOGO-1of2-Textmarke.png","width":749,"height":254,"caption":"Bayerisches Zentrum f\u00fcr Pr\u00e4vention und Gesundheitsf\u00f6rderung im LGL Bayern"},"image":{"@id":"https:\/\/schwanger-null-promille.de\/es\/#\/schema\/logo\/image\/"},"sameAs":["https:\/\/www.facebook.com\/SchwangerNullPromille"]}]}},"_links":{"self":[{"href":"https:\/\/schwanger-null-promille.de\/es\/wp-json\/wp\/v2\/pages\/9102","targetHints":{"allow":["GET"]}}],"collection":[{"href":"https:\/\/schwanger-null-promille.de\/es\/wp-json\/wp\/v2\/pages"}],"about":[{"href":"https:\/\/schwanger-null-promille.de\/es\/wp-json\/wp\/v2\/types\/page"}],"author":[{"embeddable":true,"href":"https:\/\/schwanger-null-promille.de\/es\/wp-json\/wp\/v2\/users\/2"}],"replies":[{"embeddable":true,"href":"https:\/\/schwanger-null-promille.de\/es\/wp-json\/wp\/v2\/comments?post=9102"}],"version-history":[{"count":2,"href":"https:\/\/schwanger-null-promille.de\/es\/wp-json\/wp\/v2\/pages\/9102\/revisions"}],"predecessor-version":[{"id":9257,"href":"https:\/\/schwanger-null-promille.de\/es\/wp-json\/wp\/v2\/pages\/9102\/revisions\/9257"}],"wp:attachment":[{"href":"https:\/\/schwanger-null-promille.de\/es\/wp-json\/wp\/v2\/media?parent=9102"}],"curies":[{"name":"wp","href":"https:\/\/api.w.org\/{rel}","templated":true}]}}