{"id":9069,"date":"2020-08-05T18:53:21","date_gmt":"2020-08-05T16:53:21","guid":{"rendered":"https:\/enceinte\/"},"modified":"2020-08-12T15:24:44","modified_gmt":"2020-08-12T13:24:44","slug":"enceinte","status":"publish","type":"page","link":"https:\/\/schwanger-null-promille.de\/fr\/","title":{"rendered":"Enceinte?"},"content":{"rendered":"\n\t<h2>Informations pour les futures mamans<\/h2>\n<p><strong>Ch\u00e8re lectrice,<\/strong><\/p>\n<p>La grossesse est une p\u00e9riode porteuse d\u2019espoir, dit-on. Porteuse de l\u2019espoir de voir le b\u00e9b\u00e9 na\u00eetre en bonne sant\u00e9 et de le voir grandir et devenir une personne heureuse et satisfaite. Nous pouvons faire beaucoup pour que cet espoir devienne r\u00e9alit\u00e9. Ne pas boire d\u2019alcool pendant la grossesse en fait entre autres partie. Car aujourd\u2019hui, l\u2019alcool est la cause la plus fr\u00e9quente de handicap \u00e0 la naissance.<\/p>\n<h3>L\u2019alcool est toujours un risque pour le b\u00e9b\u00e9<\/h3>\n<p>D\u00e8s le d\u00e9but de la grossesse, l\u2019alcool met en danger la vie de l\u2019enfant. Tout alcool bu par la m\u00e8re enceinte passe aussi dans la circulation sanguine de l\u2019enfant, o\u00f9 il se r\u00e9sorbe tr\u00e8s lentement.<\/p>\n<p>L\u2019alcool est un poison pour les cellules. Il entrave la croissance et le d\u00e9veloppement des organes de l\u2019enfant, en particulier des liaisons nerveuses dans le cerveau. Les suites sont diverses : elles vont des troubles du comportement, de l\u2019attention ou des difficult\u00e9s d\u2019apprentissage au handicap mental grave ou aux malformations physiques. La forme la plus s\u00e9rieuse de malformation est appel\u00e9e \u00ab syndrome d&rsquo;alcoolisation f\u0153tale \u00bb (SAF). De nombreux enfants qui en sont atteints auront besoin \u00e0 vie de soins et d\u2019assistance.<\/p>\n<p>&nbsp;<\/p>\n<p>&nbsp;<\/p>\n\t<p>&nbsp;<\/p>\n\t<p>&nbsp;<\/p>\n\t\t\t\t<img decoding=\"async\" src=\"https:\/wp-content\/plugins\/beaver-builder-lite-version\/img\/pixel.png\" alt=\"\" itemprop=\"image\" onerror=\"this.style.display='none'\"  \/>\n\t<p>&nbsp;<\/p>\n\t<iframe loading=\"lazy\" title=\"Schwanger? Null Promille!\" width=\"1180\" height=\"664\" src=\"https:\/\/www.youtube.com\/embed\/sYZNx_qDIEo?feature=oembed\" frameborder=\"0\" allow=\"accelerometer; autoplay; encrypted-media; gyroscope; picture-in-picture\" allowfullscreen><\/iframe>\n<div class=\"wm-testimonials wm-posts-wrap clearfix scrollable-auto\"><div class=\"wm-testimonials-container wm-items-container with-margin stack\" data-columns=\"3\" data-time=\"2000\"><article class=\"wm-testimonials-item wm-testimonials-item-13009 wm-column width-1-3 with-margin testimonial_category-sprichworte\"><h2 class=\"screen-reader-text\">John Lennon<\/h2><blockquote class=\"wm-testimonials-element wm-html-element content\"><p>Das Leben ist das, was passiert, w\u00e4hrend du eifrig dabei bist andere Pl\u00e4ne zu machen.<\/p>\n<\/blockquote><cite class=\"wm-testimonials-element wm-html-element source\"><a href=\"https:\/blog\/leben-ist-das-was-passiert\/\" target=\"_self\"><span class=\"wm-testimonials-element wm-html-element author\">John Lennon via Sandra im Januar 2021 <\/span><\/a><\/cite><\/article><article class=\"wm-testimonials-item wm-testimonials-item-224 wm-column width-1-3 with-margin alt testimonial_category-sprichworte\"><h2 class=\"screen-reader-text\">Anita Diamant<\/h2><blockquote class=\"wm-testimonials-element wm-html-element content\"><p>Die Geburt ist der Moment, in dem Frauen den Mut finden, M\u00fctter zu werden.<\/p>\n<\/blockquote><cite class=\"wm-testimonials-element wm-html-element source\"><a href=\"\/gemeinsam-stark\/ein-wort-an-freunde-bekannte-arbeitskollegen\/\" target=\"_self\"><span class=\"wm-testimonials-element wm-html-element author\">Anita Diamant<\/span><\/a><\/cite><\/article><article class=\"wm-testimonials-item wm-testimonials-item-227 wm-column width-1-3 with-margin testimonial_category-sprichworte\"><h2 class=\"screen-reader-text\">Oli E.<\/h2><blockquote class=\"wm-testimonials-element wm-html-element content\"><p>Mit der Geburt eines Kindes erschaffen wir ein neues Buch, dessen Seiten noch mit Inhalt gef\u00fcllt werden m\u00fcssen.<\/p>\n<\/blockquote><cite class=\"wm-testimonials-element wm-html-element source\"><a href=\"\/gemeinsam-stark\/fuer-vaeter\/\" target=\"_self\"><span class=\"wm-testimonials-element wm-html-element author\">Oliver E., Vater von zwei Kindern<\/span><\/a><\/cite><\/article><article class=\"wm-testimonials-item wm-testimonials-item-7332 wm-column width-1-3 with-margin alt testimonial_category-sprichworte\"><h2 class=\"screen-reader-text\">Novalis<\/h2><blockquote class=\"wm-testimonials-element wm-html-element content\"><p>Wenn aus Liebe Leben wird, bekommt das Gl\u00fcck einen Namen.<\/p>\n<\/blockquote><cite class=\"wm-testimonials-element wm-html-element source\"><span class=\"wm-testimonials-element wm-html-element author\">Novalis<\/span><\/cite><\/article><article class=\"wm-testimonials-item wm-testimonials-item-226 wm-column width-1-3 with-margin testimonial_category-sprichworte\"><h2 class=\"screen-reader-text\">Friedrich Nietzsche<\/h2><blockquote class=\"wm-testimonials-element wm-html-element content\"><p>Man muss noch Chaos in sich haben, um einen tanzenden Stern geb\u00e4ren zu k\u00f6nnen.<\/p>\n<\/blockquote><cite class=\"wm-testimonials-element wm-html-element source\"><a href=\"\/gemeinsam-stark\/ein-wort-an-die-werdenden-grosseltern\/\" target=\"_self\"><span class=\"wm-testimonials-element wm-html-element author\">Friedrich Nietzsche<\/span><\/a><\/cite><\/article><article class=\"wm-testimonials-item wm-testimonials-item-13010 wm-column width-1-3 with-margin alt testimonial_category-sprichworte\"><h2 class=\"screen-reader-text\">Helen am 8. Oktober 2017<\/h2><blockquote class=\"wm-testimonials-element wm-html-element content\"><p>Die zwei wundervollsten Zellhaufen der Welt<\/p>\n<\/blockquote><cite class=\"wm-testimonials-element wm-html-element source\"><a href=\"https:\/blog\/helen\/die-zwei-wundervollsten-zellhaufen-der-welt\/\" target=\"_self\"><span class=\"wm-testimonials-element wm-html-element author\">Helen<\/span><\/a><\/cite><\/article><article class=\"wm-testimonials-item wm-testimonials-item-20700 wm-column width-1-3 with-margin testimonial_category-sprichworte\"><h2 class=\"screen-reader-text\">Jochen Mariss<\/h2><blockquote class=\"wm-testimonials-element wm-html-element content\"><p>Mit Kindern vergehen die Jahre wie im Fluge, doch Augenblicke werden zu Ewigkeiten.<\/p>\n<\/blockquote><cite class=\"wm-testimonials-element wm-html-element source\"><span class=\"wm-testimonials-element wm-html-element author\">Jochen Mariss<\/span><\/cite><\/article><article class=\"wm-testimonials-item wm-testimonials-item-7331 wm-column width-1-3 with-margin alt testimonial_category-sprichworte\"><h2 class=\"screen-reader-text\">Johann Wolfgang von Goethe<\/h2><blockquote class=\"wm-testimonials-element wm-html-element content\"><p>Zwei Dinge sollten Kinder von ihren Eltern bekommen: Wurzeln und Fl\u00fcgel.<\/p>\n<\/blockquote><cite class=\"wm-testimonials-element wm-html-element source\"><span class=\"wm-testimonials-element wm-html-element author\">Johann Wolfgang von Goethe<\/span><\/cite><\/article><article class=\"wm-testimonials-item wm-testimonials-item-13008 wm-column width-1-3 with-margin testimonial_category-sprichworte\"><h2 class=\"screen-reader-text\">Elena, 8. November 2020<\/h2><blockquote class=\"wm-testimonials-element wm-html-element content\"><p>Schwangerschaft geheim halten: Meine besten Alkohol-Ausreden<\/p>\n<\/blockquote><cite class=\"wm-testimonials-element wm-html-element source\"><a href=\"https:\/blog\/schwangerschaft-geheim-halten-alkohol-ausreden\/\" target=\"_self\"><span class=\"wm-testimonials-element wm-html-element author\">Elena, 8. November 2020<\/span><\/a><\/cite><\/article><article class=\"wm-testimonials-item wm-testimonials-item-7334 wm-column width-1-3 with-margin alt testimonial_category-sprichworte\"><h2 class=\"screen-reader-text\">Verfasser unbekannt<\/h2><blockquote class=\"wm-testimonials-element wm-html-element content\"><p>Das gro\u00dfe Gl\u00fcck ist manchmal ganz klein.<\/p>\n<\/blockquote><cite class=\"wm-testimonials-element wm-html-element source\"><span class=\"wm-testimonials-element wm-html-element author\">Verfasser unbekannt<\/span><\/cite><\/article><article class=\"wm-testimonials-item wm-testimonials-item-7336 wm-column width-1-3 with-margin testimonial_category-sprichworte\"><h2 class=\"screen-reader-text\">Elisabeth Stone<\/h2><blockquote class=\"wm-testimonials-element wm-html-element content\"><p>Die Entscheidung f\u00fcr ein Kind ist folgenschwer. Sie bedeutet, dass dein Herz immer auch in einem anderen K\u00f6rper schlagen wird.<\/p>\n<\/blockquote><cite class=\"wm-testimonials-element wm-html-element source\"><span class=\"wm-testimonials-element wm-html-element author\">Elisabeth Stone<\/span><\/cite><\/article><\/div><\/div>\n\t<p>&nbsp;<\/p>\n\t<p>&nbsp;<\/p>\n<h3>Quelques mois de renoncement \u2013 la s\u00e9curit\u00e9 pour toute une vie<\/h3>\n<p>La science ne sait toujours pas quelle quantit\u00e9 d\u2019alcool est n\u00e9faste pour l\u2019enfant \u00e0 na\u00eetre. Ne prenez donc aucun risque\u00a0! Le meilleur moyen de pr\u00e9server votre enfant de suites n\u00e9fastes est de ne pas boire du tout pendant la grossesse.<\/p>\n<h3>Avez-vous besoin d\u2019aide\u00a0?<\/h3>\n<p>Ce n\u2019est pas simple pour toutes les femmes de renoncer \u00e0 l\u2019alcool pendant la grossesse. Si vous avez des questions \u00e0 poser ou avez besoin de soutien, les collaboratrices des centres de consultation pour femmes enceintes seront heureuses de vous aider. Leur aide est gratuite. Sur le site\u00a0<a href=\"\/?page_id=7095\">schwanger-null-promille.de\/weiterhelfen\/<\/a>.<\/p>\nVous trouverez les adresses des centres pour toute la Bavi\u00e8re. Ce site vous permet \u00e9galement de prendre contact avec la Consultation anonyme en ligne aupr\u00e8s des Centres de consultation reconnus par l\u2019Etat sur les questions li\u00e9es \u00e0 la grossesse. Vous pouvez y demander des conseils par e-mail, gratuitement et en toute confidentialit\u00e9.<br \/>\nNaturellement, votre m\u00e9decin et votre sage-femme sont \u00e9galement l\u00e0 pour r\u00e9pondre \u00e0 vos questions \u2013 pour que votre enfant naisse en bonne sant\u00e9. C\u2019est en tous cas ce que nous vous souhaitons de tout c\u0153ur\u00a0!\n<p>Les experts et expertes du <a title=\"Bayerisches Zentrum f\u00fcr Pr\u00e4vention und Gesundheitsf\u00f6rderung\" href=\"http:\/\/www.zpg-bayern.de\/\" target=\"_blank\" rel=\"noopener noreferrer\">Centre bavarois pour la pr\u00e9vention et la promotion de la sant\u00e9<\/a> avec <a title=\"Pr\u00e4ventionspakt Bayern\" href=\"\/?page_id=93\" target=\"_blank\" rel=\"noopener noreferrer\">les membres du Pacte pour la pr\u00e9vention de Bavi\u00e8re<\/a>.<\/p>\n<h3>Il faut que tout le monde le sache\u00a0: Enceinte\u00a0? Z\u00e9ro alcool\u00a0!<\/h3>\n<p>Avec l\u2019aide des autres, c\u2019est plus facile\u00a0! Les p\u00e8res, grands-parents, fr\u00e8res et s\u0153urs, tantes, oncles, cousins et cousines, et aussi les coll\u00e8gues, amis et amies peuvent aider les femmes enceintes \u00e0 ne pas boire d\u2019alcool pendant la grossesse. Transmettez ce savoir autour de vous, vous pouvez contribuer \u00a0\u00e0 ce que les b\u00e9b\u00e9s viennent au monde en bonne sant\u00e9.<\/p>\n<p>&nbsp;<\/p>\n<hr \/>\n<p>\u00dcbersetzung aus dem Deutschen:\u00a0<a href=\"http:\/\/www.ethno-medizinisches-zentrum.de\/\">Ethno-Medizinisches Zentrum e.V.<\/a><\/p>\n<p>&nbsp;<\/p>\n\t<p>&nbsp;<\/p>\n\t&nbsp;\n\t&nbsp;\n\t&nbsp;\n","protected":false},"excerpt":{"rendered":"<div class=\"entry-summary\">\n<div class=\"entry-summary\">\nDie Entscheidung f\u00fcr ein Kind ist folgenschwer. Sie bedeutet, dass dein Herz immer auch in einem anderen K\u00f6rper schlagen wird.\n<\/div>\n<\/div>\n","protected":false},"author":2,"featured_media":0,"parent":0,"menu_order":0,"comment_status":"closed","ping_status":"closed","template":"templates\/intro-widgets.php","meta":{"_acf_changed":false,"footnotes":""},"class_list":["post-9069","page","type-page","status-publish","hentry","entry"],"acf":[],"yoast_head":"<!-- This site is optimized with the Yoast SEO plugin v27.3 - https:\/\/yoast.com\/product\/yoast-seo-wordpress\/ -->\n<title>Enceinte? - Schwanger? Null Promille!<\/title>\n<meta name=\"robots\" content=\"index, follow, max-snippet:-1, max-image-preview:large, max-video-preview:-1\" \/>\n<link rel=\"canonical\" href=\"https:\/\/schwanger-null-promille.de\/fr\/\" \/>\n<meta property=\"og:locale\" content=\"fr_FR\" \/>\n<meta property=\"og:type\" content=\"article\" \/>\n<meta property=\"og:title\" content=\"Enceinte? - Schwanger? Null Promille!\" \/>\n<meta property=\"og:description\" content=\"Z\u00e9ro alcool!\" \/>\n<meta property=\"og:url\" content=\"https:\/\/schwanger-null-promille.de\/fr\/\" \/>\n<meta property=\"og:site_name\" content=\"Schwanger? Null Promille!\" \/>\n<meta property=\"article:publisher\" content=\"https:\/\/www.facebook.com\/SchwangerNullPromille\" \/>\n<meta property=\"article:modified_time\" content=\"2020-08-12T13:24:44+00:00\" \/>\n<meta property=\"og:image\" content=\"https:\/\/schwanger-null-promille.de\/wp-content\/uploads\/2023\/07\/Schwanger-Null-Promille-POSTKARTEN-2023-Serie-12_005-scaled.jpg\" \/>\n\t<meta property=\"og:image:width\" content=\"2560\" \/>\n\t<meta property=\"og:image:height\" content=\"1826\" \/>\n\t<meta property=\"og:image:type\" content=\"image\/jpeg\" \/>\n<meta name=\"twitter:card\" content=\"summary_large_image\" \/>\n<meta name=\"twitter:label1\" content=\"Dur\u00e9e de lecture estim\u00e9e\" \/>\n\t<meta name=\"twitter:data1\" content=\"3 minutes\" \/>\n<script type=\"application\/ld+json\" class=\"yoast-schema-graph\">{\"@context\":\"https:\\\/\\\/schema.org\",\"@graph\":[{\"@type\":\"WebPage\",\"@id\":\"https:\\\/\\\/schwanger-null-promille.de\\\/fr\\\/\",\"url\":\"https:\\\/\\\/schwanger-null-promille.de\\\/fr\\\/\",\"name\":\"Enceinte? - Schwanger? Null Promille!\",\"isPartOf\":{\"@id\":\"https:\\\/\\\/schwanger-null-promille.de\\\/fr\\\/#website\"},\"datePublished\":\"2020-08-05T16:53:21+00:00\",\"dateModified\":\"2020-08-12T13:24:44+00:00\",\"breadcrumb\":{\"@id\":\"https:\\\/\\\/schwanger-null-promille.de\\\/fr\\\/#breadcrumb\"},\"inLanguage\":\"fr-FR\",\"potentialAction\":[{\"@type\":\"ReadAction\",\"target\":[\"https:\\\/\\\/schwanger-null-promille.de\\\/fr\\\/\"]}]},{\"@type\":\"BreadcrumbList\",\"@id\":\"https:\\\/\\\/schwanger-null-promille.de\\\/fr\\\/#breadcrumb\",\"itemListElement\":[{\"@type\":\"ListItem\",\"position\":1,\"name\":\"Home\",\"item\":\"https:\\\/\\\/schwanger-null-promille.de\\\/fr\\\/\"},{\"@type\":\"ListItem\",\"position\":2,\"name\":\"Enceinte?\"}]},{\"@type\":\"WebSite\",\"@id\":\"https:\\\/\\\/schwanger-null-promille.de\\\/fr\\\/#website\",\"url\":\"https:\\\/\\\/schwanger-null-promille.de\\\/fr\\\/\",\"name\":\"Schwanger? Null Promille!\",\"description\":\"Informationen f\u00fcr werdende M\u00fctter und alle, die sie in der Schwangerschaft begleiten\",\"publisher\":{\"@id\":\"https:\\\/\\\/schwanger-null-promille.de\\\/fr\\\/#organization\"},\"alternateName\":\"Kein Tropfen Alkohol in der Schwangerschaft: kleiner Verzicht, gr\u00f6\u00dftes Gl\u00fcck!\",\"potentialAction\":[{\"@type\":\"SearchAction\",\"target\":{\"@type\":\"EntryPoint\",\"urlTemplate\":\"https:\\\/\\\/schwanger-null-promille.de\\\/fr\\\/?s={search_term_string}\"},\"query-input\":{\"@type\":\"PropertyValueSpecification\",\"valueRequired\":true,\"valueName\":\"search_term_string\"}}],\"inLanguage\":\"fr-FR\"},{\"@type\":\"Organization\",\"@id\":\"https:\\\/\\\/schwanger-null-promille.de\\\/fr\\\/#organization\",\"name\":\"Bayerisches Zentrum f\u00fcr Pr\u00e4vention und Gesundheitsf\u00f6rderung im LGL Bayern\",\"alternateName\":\"ZPG Bayern\",\"url\":\"https:\\\/\\\/schwanger-null-promille.de\\\/fr\\\/\",\"logo\":{\"@type\":\"ImageObject\",\"inLanguage\":\"fr-FR\",\"@id\":\"https:\\\/\\\/schwanger-null-promille.de\\\/fr\\\/#\\\/schema\\\/logo\\\/image\\\/\",\"url\":\"https:\\\/\\\/schwanger-null-promille.de\\\/wp-content\\\/uploads\\\/2019\\\/09\\\/cropped-Schwanger-Null-Promille-LOGO-1of2-Textmarke.png\",\"contentUrl\":\"https:\\\/\\\/schwanger-null-promille.de\\\/wp-content\\\/uploads\\\/2019\\\/09\\\/cropped-Schwanger-Null-Promille-LOGO-1of2-Textmarke.png\",\"width\":749,\"height\":254,\"caption\":\"Bayerisches Zentrum f\u00fcr Pr\u00e4vention und Gesundheitsf\u00f6rderung im LGL Bayern\"},\"image\":{\"@id\":\"https:\\\/\\\/schwanger-null-promille.de\\\/fr\\\/#\\\/schema\\\/logo\\\/image\\\/\"},\"sameAs\":[\"https:\\\/\\\/www.facebook.com\\\/SchwangerNullPromille\"]}]}<\/script>\n<!-- \/ Yoast SEO plugin. -->","yoast_head_json":{"title":"Enceinte? - Schwanger? Null Promille!","robots":{"index":"index","follow":"follow","max-snippet":"max-snippet:-1","max-image-preview":"max-image-preview:large","max-video-preview":"max-video-preview:-1"},"canonical":"https:\/\/schwanger-null-promille.de\/fr\/","og_locale":"fr_FR","og_type":"article","og_title":"Enceinte? - Schwanger? Null Promille!","og_description":"Z\u00e9ro alcool!","og_url":"https:\/\/schwanger-null-promille.de\/fr\/","og_site_name":"Schwanger? Null Promille!","article_publisher":"https:\/\/www.facebook.com\/SchwangerNullPromille","article_modified_time":"2020-08-12T13:24:44+00:00","og_image":[{"width":2560,"height":1826,"url":"https:\/\/schwanger-null-promille.de\/wp-content\/uploads\/2023\/07\/Schwanger-Null-Promille-POSTKARTEN-2023-Serie-12_005-scaled.jpg","type":"image\/jpeg"}],"twitter_card":"summary_large_image","twitter_misc":{"Dur\u00e9e de lecture estim\u00e9e":"3 minutes"},"schema":{"@context":"https:\/\/schema.org","@graph":[{"@type":"WebPage","@id":"https:\/\/schwanger-null-promille.de\/fr\/","url":"https:\/\/schwanger-null-promille.de\/fr\/","name":"Enceinte? - Schwanger? Null Promille!","isPartOf":{"@id":"https:\/\/schwanger-null-promille.de\/fr\/#website"},"datePublished":"2020-08-05T16:53:21+00:00","dateModified":"2020-08-12T13:24:44+00:00","breadcrumb":{"@id":"https:\/\/schwanger-null-promille.de\/fr\/#breadcrumb"},"inLanguage":"fr-FR","potentialAction":[{"@type":"ReadAction","target":["https:\/\/schwanger-null-promille.de\/fr\/"]}]},{"@type":"BreadcrumbList","@id":"https:\/\/schwanger-null-promille.de\/fr\/#breadcrumb","itemListElement":[{"@type":"ListItem","position":1,"name":"Home","item":"https:\/\/schwanger-null-promille.de\/fr\/"},{"@type":"ListItem","position":2,"name":"Enceinte?"}]},{"@type":"WebSite","@id":"https:\/\/schwanger-null-promille.de\/fr\/#website","url":"https:\/\/schwanger-null-promille.de\/fr\/","name":"Schwanger? Null Promille!","description":"Informationen f\u00fcr werdende M\u00fctter und alle, die sie in der Schwangerschaft begleiten","publisher":{"@id":"https:\/\/schwanger-null-promille.de\/fr\/#organization"},"alternateName":"Kein Tropfen Alkohol in der Schwangerschaft: kleiner Verzicht, gr\u00f6\u00dftes Gl\u00fcck!","potentialAction":[{"@type":"SearchAction","target":{"@type":"EntryPoint","urlTemplate":"https:\/\/schwanger-null-promille.de\/fr\/?s={search_term_string}"},"query-input":{"@type":"PropertyValueSpecification","valueRequired":true,"valueName":"search_term_string"}}],"inLanguage":"fr-FR"},{"@type":"Organization","@id":"https:\/\/schwanger-null-promille.de\/fr\/#organization","name":"Bayerisches Zentrum f\u00fcr Pr\u00e4vention und Gesundheitsf\u00f6rderung im LGL Bayern","alternateName":"ZPG Bayern","url":"https:\/\/schwanger-null-promille.de\/fr\/","logo":{"@type":"ImageObject","inLanguage":"fr-FR","@id":"https:\/\/schwanger-null-promille.de\/fr\/#\/schema\/logo\/image\/","url":"https:\/\/schwanger-null-promille.de\/wp-content\/uploads\/2019\/09\/cropped-Schwanger-Null-Promille-LOGO-1of2-Textmarke.png","contentUrl":"https:\/\/schwanger-null-promille.de\/wp-content\/uploads\/2019\/09\/cropped-Schwanger-Null-Promille-LOGO-1of2-Textmarke.png","width":749,"height":254,"caption":"Bayerisches Zentrum f\u00fcr Pr\u00e4vention und Gesundheitsf\u00f6rderung im LGL Bayern"},"image":{"@id":"https:\/\/schwanger-null-promille.de\/fr\/#\/schema\/logo\/image\/"},"sameAs":["https:\/\/www.facebook.com\/SchwangerNullPromille"]}]}},"_links":{"self":[{"href":"https:\/\/schwanger-null-promille.de\/fr\/wp-json\/wp\/v2\/pages\/9069","targetHints":{"allow":["GET"]}}],"collection":[{"href":"https:\/\/schwanger-null-promille.de\/fr\/wp-json\/wp\/v2\/pages"}],"about":[{"href":"https:\/\/schwanger-null-promille.de\/fr\/wp-json\/wp\/v2\/types\/page"}],"author":[{"embeddable":true,"href":"https:\/\/schwanger-null-promille.de\/fr\/wp-json\/wp\/v2\/users\/2"}],"replies":[{"embeddable":true,"href":"https:\/\/schwanger-null-promille.de\/fr\/wp-json\/wp\/v2\/comments?post=9069"}],"version-history":[{"count":3,"href":"https:\/\/schwanger-null-promille.de\/fr\/wp-json\/wp\/v2\/pages\/9069\/revisions"}],"predecessor-version":[{"id":9262,"href":"https:\/\/schwanger-null-promille.de\/fr\/wp-json\/wp\/v2\/pages\/9069\/revisions\/9262"}],"wp:attachment":[{"href":"https:\/\/schwanger-null-promille.de\/fr\/wp-json\/wp\/v2\/media?parent=9069"}],"curies":[{"name":"wp","href":"https:\/\/api.w.org\/{rel}","templated":true}]}}