{"id":9092,"date":"2020-08-05T19:09:33","date_gmt":"2020-08-05T17:09:33","guid":{"rendered":"https:\/trudni\/"},"modified":"2020-08-12T15:23:25","modified_gmt":"2020-08-12T13:23:25","slug":"trudni","status":"publish","type":"page","link":"https:\/\/schwanger-null-promille.de\/sr\/","title":{"rendered":"Trudni?"},"content":{"rendered":"\n\t<h2>Informacije za budu\u0107e majke<\/h2>\n<p><strong>Draga\u00a0\u010ditateljko\/\u010ditateljice!<\/strong><\/p>\n<p>Trudno\u0107a je vr(ij)eme dobre nade, ka\u017ee se malo staromodno. Dobra nada da \u0107e d(ij)ete do\u0107i na sv(ij)et zdravo, da \u0107e izrasti u sre\u0107nog\/sretnog i zadovoljnog \u010dov(j)eka. Postoji mnogo toga \u0161to mo\u017eemo da u\u010dinimo\/uraditi da tako i bude. Jedna od takvih stvari jeste da ne pijemo alkohol u trudno\u0107i. Jer, alkohol je danas naj\u010de\u0161\u0107i uzrok uro\u0111enih poreme\u0107aja kod d(j)ece.<\/p>\n<h3>Alkohol je uv(ij)ek rizik za bebu<\/h3>\n<p>Od samog po\u010detka trudno\u0107e alkohol ugro\u017eava tek za\u010deti \u017eivot. Svaka vrsta alkohola koji budu\u0107a majka pije, dosp(j)eva u krvotok d(j)eteta. Tamo se razgra\u0111uje izuzetno sporo.<\/p>\n<p>Alkohol je otrov za \u0107elije\/stanice. On ugro\u017eava rast i razvoj\/razvitak organa d(j)eteta, naro\u010dito\/osobito spojeva nerava\/\u017eivaca u mozgu. Posl(j)edice su razli\u010dite i kre\u0107u se od upadljivog pona\u0161anja, slabljenja koncentracije ili (po)te\u0161ko\u0107a u u\u010denju, do te\u0161kih du\u0161evnih\/mentalnih poreme\u0107aja i fizi\u010dkih\/tjelesnih anomalija. Najte\u017ei oblik ovih o\u0161te\u0107enja naziva se \u201efetalni alkoholni sindrom\u201c (\u201eFAS\u201c). Mnoga d(j)eca koja pate od tog sindroma, trebaju tu\u0111u n(j)egu i pomo\u0107 c(ij)eloga \u017eivota.<\/p>\n<p>&nbsp;<\/p>\n<p>&nbsp;<\/p>\n\t<p>&nbsp;<\/p>\n\t<p>&nbsp;<\/p>\n\t\t\t\t<img decoding=\"async\" src=\"https:\/wp-content\/plugins\/beaver-builder-lite-version\/img\/pixel.png\" alt=\"\" itemprop=\"image\" onerror=\"this.style.display='none'\"  \/>\n\t<p>&nbsp;<\/p>\n\t<iframe loading=\"lazy\" title=\"Schwanger? Null Promille!\" width=\"1180\" height=\"664\" src=\"https:\/\/www.youtube.com\/embed\/sYZNx_qDIEo?feature=oembed\" frameborder=\"0\" allow=\"accelerometer; autoplay; encrypted-media; gyroscope; picture-in-picture\" allowfullscreen><\/iframe>\n<div class=\"wm-testimonials wm-posts-wrap clearfix scrollable-auto\"><div class=\"wm-testimonials-container wm-items-container with-margin stack\" data-columns=\"3\" data-time=\"2000\"><article class=\"wm-testimonials-item wm-testimonials-item-7334 wm-column width-1-3 with-margin testimonial_category-sprichworte\"><h2 class=\"screen-reader-text\">Verfasser unbekannt<\/h2><blockquote class=\"wm-testimonials-element wm-html-element content\"><p>Das gro\u00dfe Gl\u00fcck ist manchmal ganz klein.<\/p>\n<\/blockquote><cite class=\"wm-testimonials-element wm-html-element source\"><span class=\"wm-testimonials-element wm-html-element author\">Verfasser unbekannt<\/span><\/cite><\/article><article class=\"wm-testimonials-item wm-testimonials-item-7332 wm-column width-1-3 with-margin alt testimonial_category-sprichworte\"><h2 class=\"screen-reader-text\">Novalis<\/h2><blockquote class=\"wm-testimonials-element wm-html-element content\"><p>Wenn aus Liebe Leben wird, bekommt das Gl\u00fcck einen Namen.<\/p>\n<\/blockquote><cite class=\"wm-testimonials-element wm-html-element source\"><span class=\"wm-testimonials-element wm-html-element author\">Novalis<\/span><\/cite><\/article><article class=\"wm-testimonials-item wm-testimonials-item-13008 wm-column width-1-3 with-margin testimonial_category-sprichworte\"><h2 class=\"screen-reader-text\">Elena, 8. November 2020<\/h2><blockquote class=\"wm-testimonials-element wm-html-element content\"><p>Schwangerschaft geheim halten: Meine besten Alkohol-Ausreden<\/p>\n<\/blockquote><cite class=\"wm-testimonials-element wm-html-element source\"><a href=\"https:\/blog\/schwangerschaft-geheim-halten-alkohol-ausreden\/\" target=\"_self\"><span class=\"wm-testimonials-element wm-html-element author\">Elena, 8. November 2020<\/span><\/a><\/cite><\/article><article class=\"wm-testimonials-item wm-testimonials-item-13010 wm-column width-1-3 with-margin alt testimonial_category-sprichworte\"><h2 class=\"screen-reader-text\">Helen am 8. Oktober 2017<\/h2><blockquote class=\"wm-testimonials-element wm-html-element content\"><p>Die zwei wundervollsten Zellhaufen der Welt<\/p>\n<\/blockquote><cite class=\"wm-testimonials-element wm-html-element source\"><a href=\"https:\/blog\/helen\/die-zwei-wundervollsten-zellhaufen-der-welt\/\" target=\"_self\"><span class=\"wm-testimonials-element wm-html-element author\">Helen<\/span><\/a><\/cite><\/article><article class=\"wm-testimonials-item wm-testimonials-item-13009 wm-column width-1-3 with-margin testimonial_category-sprichworte\"><h2 class=\"screen-reader-text\">John Lennon<\/h2><blockquote class=\"wm-testimonials-element wm-html-element content\"><p>Das Leben ist das, was passiert, w\u00e4hrend du eifrig dabei bist andere Pl\u00e4ne zu machen.<\/p>\n<\/blockquote><cite class=\"wm-testimonials-element wm-html-element source\"><a href=\"https:\/blog\/leben-ist-das-was-passiert\/\" target=\"_self\"><span class=\"wm-testimonials-element wm-html-element author\">John Lennon via Sandra im Januar 2021 <\/span><\/a><\/cite><\/article><article class=\"wm-testimonials-item wm-testimonials-item-226 wm-column width-1-3 with-margin alt testimonial_category-sprichworte\"><h2 class=\"screen-reader-text\">Friedrich Nietzsche<\/h2><blockquote class=\"wm-testimonials-element wm-html-element content\"><p>Man muss noch Chaos in sich haben, um einen tanzenden Stern geb\u00e4ren zu k\u00f6nnen.<\/p>\n<\/blockquote><cite class=\"wm-testimonials-element wm-html-element source\"><a href=\"\/gemeinsam-stark\/ein-wort-an-die-werdenden-grosseltern\/\" target=\"_self\"><span class=\"wm-testimonials-element wm-html-element author\">Friedrich Nietzsche<\/span><\/a><\/cite><\/article><article class=\"wm-testimonials-item wm-testimonials-item-20700 wm-column width-1-3 with-margin testimonial_category-sprichworte\"><h2 class=\"screen-reader-text\">Jochen Mariss<\/h2><blockquote class=\"wm-testimonials-element wm-html-element content\"><p>Mit Kindern vergehen die Jahre wie im Fluge, doch Augenblicke werden zu Ewigkeiten.<\/p>\n<\/blockquote><cite class=\"wm-testimonials-element wm-html-element source\"><span class=\"wm-testimonials-element wm-html-element author\">Jochen Mariss<\/span><\/cite><\/article><article class=\"wm-testimonials-item wm-testimonials-item-227 wm-column width-1-3 with-margin alt testimonial_category-sprichworte\"><h2 class=\"screen-reader-text\">Oli E.<\/h2><blockquote class=\"wm-testimonials-element wm-html-element content\"><p>Mit der Geburt eines Kindes erschaffen wir ein neues Buch, dessen Seiten noch mit Inhalt gef\u00fcllt werden m\u00fcssen.<\/p>\n<\/blockquote><cite class=\"wm-testimonials-element wm-html-element source\"><a href=\"\/gemeinsam-stark\/fuer-vaeter\/\" target=\"_self\"><span class=\"wm-testimonials-element wm-html-element author\">Oliver E., Vater von zwei Kindern<\/span><\/a><\/cite><\/article><article class=\"wm-testimonials-item wm-testimonials-item-7336 wm-column width-1-3 with-margin testimonial_category-sprichworte\"><h2 class=\"screen-reader-text\">Elisabeth Stone<\/h2><blockquote class=\"wm-testimonials-element wm-html-element content\"><p>Die Entscheidung f\u00fcr ein Kind ist folgenschwer. Sie bedeutet, dass dein Herz immer auch in einem anderen K\u00f6rper schlagen wird.<\/p>\n<\/blockquote><cite class=\"wm-testimonials-element wm-html-element source\"><span class=\"wm-testimonials-element wm-html-element author\">Elisabeth Stone<\/span><\/cite><\/article><article class=\"wm-testimonials-item wm-testimonials-item-224 wm-column width-1-3 with-margin alt testimonial_category-sprichworte\"><h2 class=\"screen-reader-text\">Anita Diamant<\/h2><blockquote class=\"wm-testimonials-element wm-html-element content\"><p>Die Geburt ist der Moment, in dem Frauen den Mut finden, M\u00fctter zu werden.<\/p>\n<\/blockquote><cite class=\"wm-testimonials-element wm-html-element source\"><a href=\"\/gemeinsam-stark\/ein-wort-an-freunde-bekannte-arbeitskollegen\/\" target=\"_self\"><span class=\"wm-testimonials-element wm-html-element author\">Anita Diamant<\/span><\/a><\/cite><\/article><article class=\"wm-testimonials-item wm-testimonials-item-7331 wm-column width-1-3 with-margin testimonial_category-sprichworte\"><h2 class=\"screen-reader-text\">Johann Wolfgang von Goethe<\/h2><blockquote class=\"wm-testimonials-element wm-html-element content\"><p>Zwei Dinge sollten Kinder von ihren Eltern bekommen: Wurzeln und Fl\u00fcgel.<\/p>\n<\/blockquote><cite class=\"wm-testimonials-element wm-html-element source\"><span class=\"wm-testimonials-element wm-html-element author\">Johann Wolfgang von Goethe<\/span><\/cite><\/article><\/div><\/div>\n\t<p>&nbsp;<\/p>\n\t<p>&nbsp;<\/p>\n<h3>Nekoliko m(j)eseci odricanja \u2013 sigurnost za c(ij)eli \u017eivot<\/h3>\n<p>Ni do danas nauka ne zna u kojoj meri\/koli\u010dini je alkohol \u0161tetan za plod u maj\u010dinoj utrobi. Zbog toga nemojte rizikovati\/riskirati! Najsigurniji put da svoje d(ij)ete sa\u010duvate od posl(j)edica jeste da u trudno\u0107i uop\u0161te\/uop\u0107e ne pijete alkohol.<\/p>\n<h3>Dali Vam je potrebna pomo\u0107?<\/h3>\n<p>Nije svakoj \u017eeni lako da se odrekne alkohola u trudno\u0107i. Ako imate pitanja ili ako Vam je potrebna pomo\u0107, rado \u0107e Vam pru\u017eiti pomo\u0107 saradnice\/suradnice sav(j)etovali\u0161ta o trudno\u0107i . Sav(j)etovanje u ovim sav(j)etovali\u0161tima je besplatno. Adrese iz c(ij)ele Bavarske na\u0107i \u0107ete na ovoj web stranici <a href=\"\/?page_id=7095\">schwanger-null-promille.de\/weiterhelfen\/<\/a>.<\/p>\nNa ovoj stranici postoji i kontakt za anonimno online &#8211; sav(j)etovanje od strane dr\u017eavno verifikovanih\/verificiranih sav(j)etovali\u0161ta po pitanju trudno\u0107e. Njih mo\u017eete putem e-maila da pitate\/pitati za sav(j)et, pov(j)erljivo i besplatno.<br \/>\nI naravno i dalje Vam poma\u017eu i odgovaraju na pitanja Va\u0161e doktorka\/lije\u010dnica, Va\u0161 lekar\/lije\u010dnik, Va\u0161a babica\/primalja \u2013 kako bi Va\u0161a beba do\u0161la zdrava na sv(ij)et. Zbog toga Vam od srca \u017eelimo sve najbolje!\n<p>Stru\u010dnjaci u <a title=\"Bayerisches Zentrum f\u00fcr Pr\u00e4vention und Gesundheitsf\u00f6rderung\" href=\"http:\/\/www.zpg-bayern.de\/\" target=\"_blank\" rel=\"noopener noreferrer\">Bavarskom centru za prevenciju i unapre\u0111enje zdravlja<\/a> (Bayerisches Zentrum f\u00fcr Pr\u00e4vention und Gesundheitsf\u00f6rderung), zajedno sa \u010dlanovima <a title=\"Pr\u00e4ventionspakt Bayern\" href=\"https:\/bau-snp\/praventionspakt-bayern-am-bayerischen-staatsministerium-fur-umwelt-und-gesundheit\/\">prevencionog pakta Bavarske<\/a> (Pr\u00e4ventionspakt Bayern).<\/p>\n<h3>Ovo moraju svi da znaju\/znati: Trudna? Nema alkohola!<\/h3>\n<p>Lak\u0161e je ako imate podr\u0161ku\/potporu! I o\u010devi, bake i d(j)ede, bra\u0107a i sestre, tetke\/strine i stri\u010devi\/ujaci, ro\u0111aci, kolege s posla, prijateljice i prijatelji mogu pomo\u0107i budu\u0107oj majci u tome da ne pije alkohol u trudno\u0107i. Upoznajte i druge sa ovim \u2013 da bi bebe do\u0161le zdrave na sv(ij)et!<\/p>\n<p>&nbsp;<\/p>\n<hr \/>\n<p>\u00dcbersetzung aus dem Deutschen:\u00a0<a href=\"http:\/\/www.ethno-medizinisches-zentrum.de\/\">Ethno-Medizinisches Zentrum e.V.<\/a><\/p>\n<p>&nbsp;<\/p>\n\t<p>&nbsp;<\/p>\n\t&nbsp;\n\t&nbsp;\n\t&nbsp;\n","protected":false},"excerpt":{"rendered":"<div class=\"entry-summary\">\n<div class=\"entry-summary\">\nZwei Dinge sollten Kinder von ihren Eltern bekommen: Wurzeln und Fl\u00fcgel.\n<\/div>\n<\/div>\n","protected":false},"author":2,"featured_media":0,"parent":0,"menu_order":0,"comment_status":"closed","ping_status":"closed","template":"templates\/intro-widgets.php","meta":{"_acf_changed":false,"footnotes":""},"class_list":["post-9092","page","type-page","status-publish","hentry","entry"],"acf":[],"yoast_head":"<!-- This site is optimized with the Yoast SEO plugin v27.3 - https:\/\/yoast.com\/product\/yoast-seo-wordpress\/ -->\n<title>Trudni? - Schwanger? Null Promille!<\/title>\n<meta name=\"robots\" content=\"index, follow, max-snippet:-1, max-image-preview:large, max-video-preview:-1\" \/>\n<link rel=\"canonical\" href=\"https:\/\/schwanger-null-promille.de\/sr\/\" \/>\n<meta property=\"og:locale\" content=\"sr_RS\" \/>\n<meta property=\"og:type\" content=\"article\" \/>\n<meta property=\"og:title\" content=\"Trudni? - Schwanger? Null Promille!\" \/>\n<meta property=\"og:description\" content=\"Nula promila!\" \/>\n<meta property=\"og:url\" content=\"https:\/\/schwanger-null-promille.de\/sr\/\" \/>\n<meta property=\"og:site_name\" content=\"Schwanger? Null Promille!\" \/>\n<meta property=\"article:publisher\" content=\"https:\/\/www.facebook.com\/SchwangerNullPromille\" \/>\n<meta property=\"article:modified_time\" content=\"2020-08-12T13:23:25+00:00\" \/>\n<meta property=\"og:image\" content=\"https:\/\/schwanger-null-promille.de\/wp-content\/uploads\/2023\/07\/Schwanger-Null-Promille-POSTKARTEN-2023-Serie-12_005-scaled.jpg\" \/>\n\t<meta property=\"og:image:width\" content=\"2560\" \/>\n\t<meta property=\"og:image:height\" content=\"1826\" \/>\n\t<meta property=\"og:image:type\" content=\"image\/jpeg\" \/>\n<meta name=\"twitter:card\" content=\"summary_large_image\" \/>\n<meta name=\"twitter:label1\" content=\"\u041f\u0440\u043e\u0446\u0435\u045a\u0435\u043d\u043e \u0432\u0440\u0435\u043c\u0435 \u0447\u0438\u0442\u0430\u045a\u0430\" \/>\n\t<meta name=\"twitter:data1\" content=\"3 \u043c\u0438\u043d\u0443\u0442\u0430\" \/>\n<script type=\"application\/ld+json\" class=\"yoast-schema-graph\">{\"@context\":\"https:\\\/\\\/schema.org\",\"@graph\":[{\"@type\":\"WebPage\",\"@id\":\"https:\\\/\\\/schwanger-null-promille.de\\\/sr\\\/\",\"url\":\"https:\\\/\\\/schwanger-null-promille.de\\\/sr\\\/\",\"name\":\"Trudni? - Schwanger? Null Promille!\",\"isPartOf\":{\"@id\":\"https:\\\/\\\/schwanger-null-promille.de\\\/sr\\\/#website\"},\"datePublished\":\"2020-08-05T17:09:33+00:00\",\"dateModified\":\"2020-08-12T13:23:25+00:00\",\"breadcrumb\":{\"@id\":\"https:\\\/\\\/schwanger-null-promille.de\\\/sr\\\/#breadcrumb\"},\"inLanguage\":\"sr-RS\",\"potentialAction\":[{\"@type\":\"ReadAction\",\"target\":[\"https:\\\/\\\/schwanger-null-promille.de\\\/sr\\\/\"]}]},{\"@type\":\"BreadcrumbList\",\"@id\":\"https:\\\/\\\/schwanger-null-promille.de\\\/sr\\\/#breadcrumb\",\"itemListElement\":[{\"@type\":\"ListItem\",\"position\":1,\"name\":\"Home\",\"item\":\"https:\\\/\\\/schwanger-null-promille.de\\\/sr\\\/\"},{\"@type\":\"ListItem\",\"position\":2,\"name\":\"Trudni?\"}]},{\"@type\":\"WebSite\",\"@id\":\"https:\\\/\\\/schwanger-null-promille.de\\\/sr\\\/#website\",\"url\":\"https:\\\/\\\/schwanger-null-promille.de\\\/sr\\\/\",\"name\":\"Schwanger? Null Promille!\",\"description\":\"Informationen f\u00fcr werdende M\u00fctter und alle, die sie in der Schwangerschaft begleiten\",\"publisher\":{\"@id\":\"https:\\\/\\\/schwanger-null-promille.de\\\/sr\\\/#organization\"},\"alternateName\":\"Kein Tropfen Alkohol in der Schwangerschaft: kleiner Verzicht, gr\u00f6\u00dftes Gl\u00fcck!\",\"potentialAction\":[{\"@type\":\"SearchAction\",\"target\":{\"@type\":\"EntryPoint\",\"urlTemplate\":\"https:\\\/\\\/schwanger-null-promille.de\\\/sr\\\/?s={search_term_string}\"},\"query-input\":{\"@type\":\"PropertyValueSpecification\",\"valueRequired\":true,\"valueName\":\"search_term_string\"}}],\"inLanguage\":\"sr-RS\"},{\"@type\":\"Organization\",\"@id\":\"https:\\\/\\\/schwanger-null-promille.de\\\/sr\\\/#organization\",\"name\":\"Bayerisches Zentrum f\u00fcr Pr\u00e4vention und Gesundheitsf\u00f6rderung im LGL Bayern\",\"alternateName\":\"ZPG Bayern\",\"url\":\"https:\\\/\\\/schwanger-null-promille.de\\\/sr\\\/\",\"logo\":{\"@type\":\"ImageObject\",\"inLanguage\":\"sr-RS\",\"@id\":\"https:\\\/\\\/schwanger-null-promille.de\\\/sr\\\/#\\\/schema\\\/logo\\\/image\\\/\",\"url\":\"https:\\\/\\\/schwanger-null-promille.de\\\/wp-content\\\/uploads\\\/2019\\\/09\\\/cropped-Schwanger-Null-Promille-LOGO-1of2-Textmarke.png\",\"contentUrl\":\"https:\\\/\\\/schwanger-null-promille.de\\\/wp-content\\\/uploads\\\/2019\\\/09\\\/cropped-Schwanger-Null-Promille-LOGO-1of2-Textmarke.png\",\"width\":749,\"height\":254,\"caption\":\"Bayerisches Zentrum f\u00fcr Pr\u00e4vention und Gesundheitsf\u00f6rderung im LGL Bayern\"},\"image\":{\"@id\":\"https:\\\/\\\/schwanger-null-promille.de\\\/sr\\\/#\\\/schema\\\/logo\\\/image\\\/\"},\"sameAs\":[\"https:\\\/\\\/www.facebook.com\\\/SchwangerNullPromille\"]}]}<\/script>\n<!-- \/ Yoast SEO plugin. -->","yoast_head_json":{"title":"Trudni? - Schwanger? Null Promille!","robots":{"index":"index","follow":"follow","max-snippet":"max-snippet:-1","max-image-preview":"max-image-preview:large","max-video-preview":"max-video-preview:-1"},"canonical":"https:\/\/schwanger-null-promille.de\/sr\/","og_locale":"sr_RS","og_type":"article","og_title":"Trudni? - Schwanger? Null Promille!","og_description":"Nula promila!","og_url":"https:\/\/schwanger-null-promille.de\/sr\/","og_site_name":"Schwanger? Null Promille!","article_publisher":"https:\/\/www.facebook.com\/SchwangerNullPromille","article_modified_time":"2020-08-12T13:23:25+00:00","og_image":[{"width":2560,"height":1826,"url":"https:\/\/schwanger-null-promille.de\/wp-content\/uploads\/2023\/07\/Schwanger-Null-Promille-POSTKARTEN-2023-Serie-12_005-scaled.jpg","type":"image\/jpeg"}],"twitter_card":"summary_large_image","twitter_misc":{"\u041f\u0440\u043e\u0446\u0435\u045a\u0435\u043d\u043e \u0432\u0440\u0435\u043c\u0435 \u0447\u0438\u0442\u0430\u045a\u0430":"3 \u043c\u0438\u043d\u0443\u0442\u0430"},"schema":{"@context":"https:\/\/schema.org","@graph":[{"@type":"WebPage","@id":"https:\/\/schwanger-null-promille.de\/sr\/","url":"https:\/\/schwanger-null-promille.de\/sr\/","name":"Trudni? - Schwanger? Null Promille!","isPartOf":{"@id":"https:\/\/schwanger-null-promille.de\/sr\/#website"},"datePublished":"2020-08-05T17:09:33+00:00","dateModified":"2020-08-12T13:23:25+00:00","breadcrumb":{"@id":"https:\/\/schwanger-null-promille.de\/sr\/#breadcrumb"},"inLanguage":"sr-RS","potentialAction":[{"@type":"ReadAction","target":["https:\/\/schwanger-null-promille.de\/sr\/"]}]},{"@type":"BreadcrumbList","@id":"https:\/\/schwanger-null-promille.de\/sr\/#breadcrumb","itemListElement":[{"@type":"ListItem","position":1,"name":"Home","item":"https:\/\/schwanger-null-promille.de\/sr\/"},{"@type":"ListItem","position":2,"name":"Trudni?"}]},{"@type":"WebSite","@id":"https:\/\/schwanger-null-promille.de\/sr\/#website","url":"https:\/\/schwanger-null-promille.de\/sr\/","name":"Schwanger? Null Promille!","description":"Informationen f\u00fcr werdende M\u00fctter und alle, die sie in der Schwangerschaft begleiten","publisher":{"@id":"https:\/\/schwanger-null-promille.de\/sr\/#organization"},"alternateName":"Kein Tropfen Alkohol in der Schwangerschaft: kleiner Verzicht, gr\u00f6\u00dftes Gl\u00fcck!","potentialAction":[{"@type":"SearchAction","target":{"@type":"EntryPoint","urlTemplate":"https:\/\/schwanger-null-promille.de\/sr\/?s={search_term_string}"},"query-input":{"@type":"PropertyValueSpecification","valueRequired":true,"valueName":"search_term_string"}}],"inLanguage":"sr-RS"},{"@type":"Organization","@id":"https:\/\/schwanger-null-promille.de\/sr\/#organization","name":"Bayerisches Zentrum f\u00fcr Pr\u00e4vention und Gesundheitsf\u00f6rderung im LGL Bayern","alternateName":"ZPG Bayern","url":"https:\/\/schwanger-null-promille.de\/sr\/","logo":{"@type":"ImageObject","inLanguage":"sr-RS","@id":"https:\/\/schwanger-null-promille.de\/sr\/#\/schema\/logo\/image\/","url":"https:\/\/schwanger-null-promille.de\/wp-content\/uploads\/2019\/09\/cropped-Schwanger-Null-Promille-LOGO-1of2-Textmarke.png","contentUrl":"https:\/\/schwanger-null-promille.de\/wp-content\/uploads\/2019\/09\/cropped-Schwanger-Null-Promille-LOGO-1of2-Textmarke.png","width":749,"height":254,"caption":"Bayerisches Zentrum f\u00fcr Pr\u00e4vention und Gesundheitsf\u00f6rderung im LGL Bayern"},"image":{"@id":"https:\/\/schwanger-null-promille.de\/sr\/#\/schema\/logo\/image\/"},"sameAs":["https:\/\/www.facebook.com\/SchwangerNullPromille"]}]}},"_links":{"self":[{"href":"https:\/\/schwanger-null-promille.de\/sr\/wp-json\/wp\/v2\/pages\/9092","targetHints":{"allow":["GET"]}}],"collection":[{"href":"https:\/\/schwanger-null-promille.de\/sr\/wp-json\/wp\/v2\/pages"}],"about":[{"href":"https:\/\/schwanger-null-promille.de\/sr\/wp-json\/wp\/v2\/types\/page"}],"author":[{"embeddable":true,"href":"https:\/\/schwanger-null-promille.de\/sr\/wp-json\/wp\/v2\/users\/2"}],"replies":[{"embeddable":true,"href":"https:\/\/schwanger-null-promille.de\/sr\/wp-json\/wp\/v2\/comments?post=9092"}],"version-history":[{"count":2,"href":"https:\/\/schwanger-null-promille.de\/sr\/wp-json\/wp\/v2\/pages\/9092\/revisions"}],"predecessor-version":[{"id":9260,"href":"https:\/\/schwanger-null-promille.de\/sr\/wp-json\/wp\/v2\/pages\/9092\/revisions\/9260"}],"wp:attachment":[{"href":"https:\/\/schwanger-null-promille.de\/sr\/wp-json\/wp\/v2\/media?parent=9092"}],"curies":[{"name":"wp","href":"https:\/\/api.w.org\/{rel}","templated":true}]}}