{"id":9062,"date":"2020-08-05T18:29:27","date_gmt":"2020-08-05T16:29:27","guid":{"rendered":"https:\/hamile-misiniz-alkol-yok\/"},"modified":"2020-08-12T15:25:02","modified_gmt":"2020-08-12T13:25:02","slug":"hamile-misiniz-alkol-yok","status":"publish","type":"page","link":"https:\/\/schwanger-null-promille.de\/tr\/","title":{"rendered":"Hamile misiniz?"},"content":{"rendered":"\n\t<h2>Anne adaylar\u0131na bilgiler<\/h2>\n<p>Hamilelik d\u00f6nemi \u00e7ok \u00f6zel, mutluluk ve umut dolu bir d\u00f6nemdir. Bebe\u011finizi sa\u011fl\u0131kl\u0131 \u015fekilde kuca\u011f\u0131n\u0131za alaca\u011f\u0131n\u0131z o \u00f6zel g\u00fcn\u00fc iple \u00e7eker, mutlu ve huzurlu b\u00fcy\u00fcd\u00fc\u011f\u00fcn\u00fc g\u00f6rmeyi hayal edersiniz. Bu umudunuzun, bu hayalinizin ger\u00e7ek olmas\u0131 i\u00e7in siz de katk\u0131da bulunabilirsiniz. Hamilelikte dikkat etmeniz gereken en \u00f6nemli hususlardan bir tanesi ise alkol i\u00e7memenizdir. Alkol i\u00e7en annelerin bebeklerinin \u00f6z\u00fcrl\u00fc do\u011fdu\u011fu s\u0131k s\u0131k g\u00f6r\u00fclmektedir.<\/p>\n<h3>Alkol do\u011fmam\u0131\u015f yavrunuz i\u00e7in kesin bir risktir<\/h3>\n<p>Alkol hamileli\u011finizin ilk g\u00fcn\u00fcnden itibaren i\u00e7inde ta\u015f\u0131d\u0131\u011f\u0131n\u0131z bebe\u011finizin hayat\u0131n\u0131 tehlikeye sokar. Hamile bir kad\u0131n\u0131n i\u00e7ti\u011fi alkol kan\u0131na ve oradan da bebe\u011fin kan\u0131na kar\u0131\u015f\u0131r ve bebe\u011fin v\u00fccudunda uzun s\u00fcre kal\u0131r.<\/p>\n<p>Alkol bedenimiz i\u00e7in bir zehirdir. Do\u011fmam\u0131\u015f bebe\u011finizin b\u00fcy\u00fcmesini yava\u015flat\u0131r, organlar\u0131 geli\u015femez ve hatta beyni hasar g\u00f6r\u00fcr. Bunun sonucunda ise \u00e7ocu\u011funuzda do\u011fduktan sonra davran\u0131\u015f bozukluklar\u0131, dikkat eksikli\u011fi veya \u00f6\u011frenme bozuklu\u011fu gibi \u00e7e\u015fitli zihinsel hastal\u0131klar g\u00f6r\u00fclebilir, hatta zeka gerili\u011fi ve v\u00fccudunda da eksiklikler ve hastal\u0131klar olabilir. Bu tip bozukluklar\u0131n en a\u011f\u0131r\u0131 ise FAS denilen \u201eFetal Alkol Sendromu\u201cdur. B\u00f6yle bir bozuklu\u011fu olan \u00e7ocuklar \u00f6m\u00fcrleri boyunca \u00f6zel bak\u0131ma muhta\u00e7 olacakt\u0131r.<\/p>\n<p>&nbsp;<\/p>\n\t\t\t\t<img decoding=\"async\" src=\"https:\/wp-content\/plugins\/beaver-builder-lite-version\/img\/pixel.png\" alt=\"\" itemprop=\"image\" onerror=\"this.style.display='none'\"  \/>\n\t<iframe loading=\"lazy\" title=\"Schwanger? Null Promille!\" width=\"1180\" height=\"664\" src=\"https:\/\/www.youtube.com\/embed\/sYZNx_qDIEo?feature=oembed\" frameborder=\"0\" allow=\"accelerometer; autoplay; encrypted-media; gyroscope; picture-in-picture\" allowfullscreen><\/iframe>\n<div class=\"wm-testimonials wm-posts-wrap clearfix scrollable-auto\"><div class=\"wm-testimonials-container wm-items-container with-margin stack\" data-columns=\"3\" data-time=\"2000\"><article class=\"wm-testimonials-item wm-testimonials-item-227 wm-column width-1-3 with-margin testimonial_category-sprichworte\"><h2 class=\"screen-reader-text\">Oli E.<\/h2><blockquote class=\"wm-testimonials-element wm-html-element content\"><p>Mit der Geburt eines Kindes erschaffen wir ein neues Buch, dessen Seiten noch mit Inhalt gef\u00fcllt werden m\u00fcssen.<\/p>\n<\/blockquote><cite class=\"wm-testimonials-element wm-html-element source\"><a href=\"\/gemeinsam-stark\/fuer-vaeter\/\" target=\"_self\"><span class=\"wm-testimonials-element wm-html-element author\">Oliver E., Vater von zwei Kindern<\/span><\/a><\/cite><\/article><article class=\"wm-testimonials-item wm-testimonials-item-13009 wm-column width-1-3 with-margin alt testimonial_category-sprichworte\"><h2 class=\"screen-reader-text\">John Lennon<\/h2><blockquote class=\"wm-testimonials-element wm-html-element content\"><p>Das Leben ist das, was passiert, w\u00e4hrend du eifrig dabei bist andere Pl\u00e4ne zu machen.<\/p>\n<\/blockquote><cite class=\"wm-testimonials-element wm-html-element source\"><a href=\"https:\/blog\/leben-ist-das-was-passiert\/\" target=\"_self\"><span class=\"wm-testimonials-element wm-html-element author\">John Lennon via Sandra im Januar 2021 <\/span><\/a><\/cite><\/article><article class=\"wm-testimonials-item wm-testimonials-item-7334 wm-column width-1-3 with-margin testimonial_category-sprichworte\"><h2 class=\"screen-reader-text\">Verfasser unbekannt<\/h2><blockquote class=\"wm-testimonials-element wm-html-element content\"><p>Das gro\u00dfe Gl\u00fcck ist manchmal ganz klein.<\/p>\n<\/blockquote><cite class=\"wm-testimonials-element wm-html-element source\"><span class=\"wm-testimonials-element wm-html-element author\">Verfasser unbekannt<\/span><\/cite><\/article><article class=\"wm-testimonials-item wm-testimonials-item-226 wm-column width-1-3 with-margin alt testimonial_category-sprichworte\"><h2 class=\"screen-reader-text\">Friedrich Nietzsche<\/h2><blockquote class=\"wm-testimonials-element wm-html-element content\"><p>Man muss noch Chaos in sich haben, um einen tanzenden Stern geb\u00e4ren zu k\u00f6nnen.<\/p>\n<\/blockquote><cite class=\"wm-testimonials-element wm-html-element source\"><a href=\"\/gemeinsam-stark\/ein-wort-an-die-werdenden-grosseltern\/\" target=\"_self\"><span class=\"wm-testimonials-element wm-html-element author\">Friedrich Nietzsche<\/span><\/a><\/cite><\/article><article class=\"wm-testimonials-item wm-testimonials-item-13008 wm-column width-1-3 with-margin testimonial_category-sprichworte\"><h2 class=\"screen-reader-text\">Elena, 8. November 2020<\/h2><blockquote class=\"wm-testimonials-element wm-html-element content\"><p>Schwangerschaft geheim halten: Meine besten Alkohol-Ausreden<\/p>\n<\/blockquote><cite class=\"wm-testimonials-element wm-html-element source\"><a href=\"https:\/blog\/schwangerschaft-geheim-halten-alkohol-ausreden\/\" target=\"_self\"><span class=\"wm-testimonials-element wm-html-element author\">Elena, 8. November 2020<\/span><\/a><\/cite><\/article><article class=\"wm-testimonials-item wm-testimonials-item-7336 wm-column width-1-3 with-margin alt testimonial_category-sprichworte\"><h2 class=\"screen-reader-text\">Elisabeth Stone<\/h2><blockquote class=\"wm-testimonials-element wm-html-element content\"><p>Die Entscheidung f\u00fcr ein Kind ist folgenschwer. Sie bedeutet, dass dein Herz immer auch in einem anderen K\u00f6rper schlagen wird.<\/p>\n<\/blockquote><cite class=\"wm-testimonials-element wm-html-element source\"><span class=\"wm-testimonials-element wm-html-element author\">Elisabeth Stone<\/span><\/cite><\/article><article class=\"wm-testimonials-item wm-testimonials-item-20700 wm-column width-1-3 with-margin testimonial_category-sprichworte\"><h2 class=\"screen-reader-text\">Jochen Mariss<\/h2><blockquote class=\"wm-testimonials-element wm-html-element content\"><p>Mit Kindern vergehen die Jahre wie im Fluge, doch Augenblicke werden zu Ewigkeiten.<\/p>\n<\/blockquote><cite class=\"wm-testimonials-element wm-html-element source\"><span class=\"wm-testimonials-element wm-html-element author\">Jochen Mariss<\/span><\/cite><\/article><article class=\"wm-testimonials-item wm-testimonials-item-224 wm-column width-1-3 with-margin alt testimonial_category-sprichworte\"><h2 class=\"screen-reader-text\">Anita Diamant<\/h2><blockquote class=\"wm-testimonials-element wm-html-element content\"><p>Die Geburt ist der Moment, in dem Frauen den Mut finden, M\u00fctter zu werden.<\/p>\n<\/blockquote><cite class=\"wm-testimonials-element wm-html-element source\"><a href=\"\/gemeinsam-stark\/ein-wort-an-freunde-bekannte-arbeitskollegen\/\" target=\"_self\"><span class=\"wm-testimonials-element wm-html-element author\">Anita Diamant<\/span><\/a><\/cite><\/article><article class=\"wm-testimonials-item wm-testimonials-item-7331 wm-column width-1-3 with-margin testimonial_category-sprichworte\"><h2 class=\"screen-reader-text\">Johann Wolfgang von Goethe<\/h2><blockquote class=\"wm-testimonials-element wm-html-element content\"><p>Zwei Dinge sollten Kinder von ihren Eltern bekommen: Wurzeln und Fl\u00fcgel.<\/p>\n<\/blockquote><cite class=\"wm-testimonials-element wm-html-element source\"><span class=\"wm-testimonials-element wm-html-element author\">Johann Wolfgang von Goethe<\/span><\/cite><\/article><article class=\"wm-testimonials-item wm-testimonials-item-13010 wm-column width-1-3 with-margin alt testimonial_category-sprichworte\"><h2 class=\"screen-reader-text\">Helen am 8. Oktober 2017<\/h2><blockquote class=\"wm-testimonials-element wm-html-element content\"><p>Die zwei wundervollsten Zellhaufen der Welt<\/p>\n<\/blockquote><cite class=\"wm-testimonials-element wm-html-element source\"><a href=\"https:\/blog\/helen\/die-zwei-wundervollsten-zellhaufen-der-welt\/\" target=\"_self\"><span class=\"wm-testimonials-element wm-html-element author\">Helen<\/span><\/a><\/cite><\/article><article class=\"wm-testimonials-item wm-testimonials-item-7332 wm-column width-1-3 with-margin testimonial_category-sprichworte\"><h2 class=\"screen-reader-text\">Novalis<\/h2><blockquote class=\"wm-testimonials-element wm-html-element content\"><p>Wenn aus Liebe Leben wird, bekommt das Gl\u00fcck einen Namen.<\/p>\n<\/blockquote><cite class=\"wm-testimonials-element wm-html-element source\"><span class=\"wm-testimonials-element wm-html-element author\">Novalis<\/span><\/cite><\/article><\/div><\/div>\n\t<h3>Bir ka\u00e7 ay alkol i\u00e7meyerek \u00f6m\u00fcr boyu mutlu olabilirsiniz.<\/h3>\n<p>Anne karn\u0131ndaki bir bebe\u011fe ne kadar alkol\u00fcn zarar verdi\u011fini bilim insanlar\u0131 hen\u00fcz kesin olarak saptayamam\u0131\u015ft\u0131r. Ancak siz yine de en ufak bir riske bile girmeyin! \u00c7ocu\u011funuzu her t\u00fcrl\u00fc bedensel ve zihinsel hastal\u0131ktan korumak i\u00e7in hamileyken l\u00fctfen bir damla alkol bile i\u00e7meyin.<\/p>\n<h3>Yard\u0131ma ihtiyac\u0131n\u0131z var m\u0131?<\/h3>\n<p>Baz\u0131 kad\u0131nlar hamile olsalar bile alkol i\u00e7mekten vazge\u00e7emeyebilir. Sorular\u0131n\u0131z varsa veya deste\u011fe ihtiyac\u0131n\u0131z olursa Hamile Dan\u0131\u015fma Merkezlerimizdeki han\u0131m g\u00f6revliler size destek olmaya haz\u0131r. \u00dccretsiz olan dan\u0131\u015fma imkan\u0131ndan siz de faydalanabilirsiniz. Bavyera eyaletindeki Dan\u0131\u015fma Merkezlerinin adreslerini a\u015fa\u011f\u0131daki web sitemizde bulabilirsiniz. <a href=\"\/?page_id=7095\">schwanger-null-promille.de\/weiterhelfen\/<\/a><\/p>\nOnline Dan\u0131\u015fma Merkezimizden isminizi vermeden de resmi g\u00f6revli ve yetkili hamilelik dan\u0131\u015fmanlar\u0131 taraf\u0131ndan online destek alabilirsiniz. Ayr\u0131ca e-posta yoluyla da \u00fccretsiz olarak sorular sorabilir, merak etti\u011finiz konulara cevap alabilirsiniz.<br \/>\nElbette kad\u0131n do\u011fum uzman\u0131 doktorunuz ve ebeniz de her t\u00fcrl\u00fc soruda ve bebe\u011finizin sa\u011fl\u0131kl\u0131 d\u00fcnyaya gelmesi i\u00e7in size yard\u0131mc\u0131 olacakt\u0131r. Size can\u0131 g\u00f6n\u00fclden mutluluklar dileriz.\n<p><a title=\"Bayerisches Zentrum f\u00fcr Pr\u00e4vention und Gesundheitsf\u00f6rderung\" href=\"http:\/\/www.zpg-bayern.de\/\" target=\"_blank\" rel=\"noopener noreferrer\">Bavyera Hastal\u0131klar\u0131 \u00d6nleme ve Sa\u011fl\u0131\u011f\u0131 Destekleme<\/a> Merkezi uzmanlar\u0131 ve <a title=\"Pr\u00e4ventionspakt Bayern\" href=\"https:\/bau-snp\/praventionspakt-bayern-am-bayerischen-staatsministerium-fur-umwelt-und-gesundheit\/\">Bavyera Hastal\u0131klar\u0131 \u00d6nleme Pakt\u0131 \u00fcyeleri<\/a><\/p>\n<h3>Bunu herkes bilmeli: Hamile miyim? Alkol i\u00e7meyece\u011fim!<\/h3>\n<p>Destek al\u0131nca her \u015fey daha kolay! Babalar, anneanneler babaanneler, dedeler, b\u00fcy\u00fckbabalar, teyzeler, halalar, day\u0131lar, amcalar, kuzenler, i\u015f arkada\u015flar\u0131, dostlar anne olacak han\u0131mlara alkol i\u00e7memeleri i\u00e7in yard\u0131mc\u0131 olabilirler. Bu bilgileri siz de \u00e7evrenizde anlat\u0131n, herkes duysun &#8211; duysun ki bebekler d\u00fcnyaya sa\u011fl\u0131kl\u0131 olarak gelsin!<\/p>\n<p>&nbsp;<\/p>\n<hr \/>\n<p>\u00dcbersetzung aus dem Deutschen:\u00a0<a href=\"http:\/\/www.ethno-medizinisches-zentrum.de\/\">Ethno-Medizinisches Zentrum e.V.<\/a><\/p>\n<p>&nbsp;<\/p>\n","protected":false},"excerpt":{"rendered":"<div class=\"entry-summary\">\n<div class=\"entry-summary\">\nWenn aus Liebe Leben wird, bekommt das Gl\u00fcck einen Namen.\n<\/div>\n<\/div>\n","protected":false},"author":2,"featured_media":0,"parent":0,"menu_order":0,"comment_status":"closed","ping_status":"closed","template":"templates\/intro-widgets.php","meta":{"_acf_changed":false,"footnotes":""},"class_list":["post-9062","page","type-page","status-publish","hentry","entry"],"acf":[],"yoast_head":"<!-- This site is optimized with the Yoast SEO plugin v27.4 - https:\/\/yoast.com\/product\/yoast-seo-wordpress\/ -->\n<title>Hamile misiniz? - Schwanger? Null Promille!<\/title>\n<meta name=\"robots\" content=\"index, follow, max-snippet:-1, max-image-preview:large, max-video-preview:-1\" \/>\n<link rel=\"canonical\" href=\"https:\/\/schwanger-null-promille.de\/tr\/\" \/>\n<meta property=\"og:locale\" content=\"tr_TR\" \/>\n<meta property=\"og:type\" content=\"article\" \/>\n<meta property=\"og:title\" content=\"Hamile misiniz? - Schwanger? Null Promille!\" \/>\n<meta property=\"og:description\" content=\"Alkol yok!\" \/>\n<meta property=\"og:url\" content=\"https:\/\/schwanger-null-promille.de\/tr\/\" \/>\n<meta property=\"og:site_name\" content=\"Schwanger? Null Promille!\" \/>\n<meta property=\"article:publisher\" content=\"https:\/\/www.facebook.com\/SchwangerNullPromille\" \/>\n<meta property=\"article:modified_time\" content=\"2020-08-12T13:25:02+00:00\" \/>\n<meta property=\"og:image\" content=\"https:\/\/schwanger-null-promille.de\/wp-content\/uploads\/2023\/07\/Schwanger-Null-Promille-POSTKARTEN-2023-Serie-12_005-scaled.jpg\" \/>\n\t<meta property=\"og:image:width\" content=\"2560\" \/>\n\t<meta property=\"og:image:height\" content=\"1826\" \/>\n\t<meta property=\"og:image:type\" content=\"image\/jpeg\" \/>\n<meta name=\"twitter:card\" content=\"summary_large_image\" \/>\n<meta name=\"twitter:label1\" content=\"Est. reading time\" \/>\n\t<meta name=\"twitter:data1\" content=\"3 minutes\" \/>\n<script type=\"application\/ld+json\" class=\"yoast-schema-graph\">{\"@context\":\"https:\\\/\\\/schema.org\",\"@graph\":[{\"@type\":\"WebPage\",\"@id\":\"https:\\\/\\\/schwanger-null-promille.de\\\/tr\\\/\",\"url\":\"https:\\\/\\\/schwanger-null-promille.de\\\/tr\\\/\",\"name\":\"Hamile misiniz? - Schwanger? Null Promille!\",\"isPartOf\":{\"@id\":\"https:\\\/\\\/schwanger-null-promille.de\\\/tr\\\/#website\"},\"datePublished\":\"2020-08-05T16:29:27+00:00\",\"dateModified\":\"2020-08-12T13:25:02+00:00\",\"breadcrumb\":{\"@id\":\"https:\\\/\\\/schwanger-null-promille.de\\\/tr\\\/#breadcrumb\"},\"inLanguage\":\"tr\",\"potentialAction\":[{\"@type\":\"ReadAction\",\"target\":[\"https:\\\/\\\/schwanger-null-promille.de\\\/tr\\\/\"]}]},{\"@type\":\"BreadcrumbList\",\"@id\":\"https:\\\/\\\/schwanger-null-promille.de\\\/tr\\\/#breadcrumb\",\"itemListElement\":[{\"@type\":\"ListItem\",\"position\":1,\"name\":\"Home\",\"item\":\"https:\\\/\\\/schwanger-null-promille.de\\\/tr\\\/\"},{\"@type\":\"ListItem\",\"position\":2,\"name\":\"Hamile misiniz?\"}]},{\"@type\":\"WebSite\",\"@id\":\"https:\\\/\\\/schwanger-null-promille.de\\\/tr\\\/#website\",\"url\":\"https:\\\/\\\/schwanger-null-promille.de\\\/tr\\\/\",\"name\":\"Schwanger? Null Promille!\",\"description\":\"Informationen f\u00fcr werdende M\u00fctter und alle, die sie in der Schwangerschaft begleiten\",\"publisher\":{\"@id\":\"https:\\\/\\\/schwanger-null-promille.de\\\/tr\\\/#organization\"},\"alternateName\":\"Kein Tropfen Alkohol in der Schwangerschaft: kleiner Verzicht, gr\u00f6\u00dftes Gl\u00fcck!\",\"potentialAction\":[{\"@type\":\"SearchAction\",\"target\":{\"@type\":\"EntryPoint\",\"urlTemplate\":\"https:\\\/\\\/schwanger-null-promille.de\\\/tr\\\/?s={search_term_string}\"},\"query-input\":{\"@type\":\"PropertyValueSpecification\",\"valueRequired\":true,\"valueName\":\"search_term_string\"}}],\"inLanguage\":\"tr\"},{\"@type\":\"Organization\",\"@id\":\"https:\\\/\\\/schwanger-null-promille.de\\\/tr\\\/#organization\",\"name\":\"Bayerisches Zentrum f\u00fcr Pr\u00e4vention und Gesundheitsf\u00f6rderung im LGL Bayern\",\"alternateName\":\"ZPG Bayern\",\"url\":\"https:\\\/\\\/schwanger-null-promille.de\\\/tr\\\/\",\"logo\":{\"@type\":\"ImageObject\",\"inLanguage\":\"tr\",\"@id\":\"https:\\\/\\\/schwanger-null-promille.de\\\/tr\\\/#\\\/schema\\\/logo\\\/image\\\/\",\"url\":\"https:\\\/\\\/schwanger-null-promille.de\\\/wp-content\\\/uploads\\\/2019\\\/09\\\/cropped-Schwanger-Null-Promille-LOGO-1of2-Textmarke.png\",\"contentUrl\":\"https:\\\/\\\/schwanger-null-promille.de\\\/wp-content\\\/uploads\\\/2019\\\/09\\\/cropped-Schwanger-Null-Promille-LOGO-1of2-Textmarke.png\",\"width\":749,\"height\":254,\"caption\":\"Bayerisches Zentrum f\u00fcr Pr\u00e4vention und Gesundheitsf\u00f6rderung im LGL Bayern\"},\"image\":{\"@id\":\"https:\\\/\\\/schwanger-null-promille.de\\\/tr\\\/#\\\/schema\\\/logo\\\/image\\\/\"},\"sameAs\":[\"https:\\\/\\\/www.facebook.com\\\/SchwangerNullPromille\"]}]}<\/script>\n<!-- \/ Yoast SEO plugin. -->","yoast_head_json":{"title":"Hamile misiniz? - Schwanger? Null Promille!","robots":{"index":"index","follow":"follow","max-snippet":"max-snippet:-1","max-image-preview":"max-image-preview:large","max-video-preview":"max-video-preview:-1"},"canonical":"https:\/\/schwanger-null-promille.de\/tr\/","og_locale":"tr_TR","og_type":"article","og_title":"Hamile misiniz? - Schwanger? Null Promille!","og_description":"Alkol yok!","og_url":"https:\/\/schwanger-null-promille.de\/tr\/","og_site_name":"Schwanger? Null Promille!","article_publisher":"https:\/\/www.facebook.com\/SchwangerNullPromille","article_modified_time":"2020-08-12T13:25:02+00:00","og_image":[{"width":2560,"height":1826,"url":"https:\/\/schwanger-null-promille.de\/wp-content\/uploads\/2023\/07\/Schwanger-Null-Promille-POSTKARTEN-2023-Serie-12_005-scaled.jpg","type":"image\/jpeg"}],"twitter_card":"summary_large_image","twitter_misc":{"Est. reading time":"3 minutes"},"schema":{"@context":"https:\/\/schema.org","@graph":[{"@type":"WebPage","@id":"https:\/\/schwanger-null-promille.de\/tr\/","url":"https:\/\/schwanger-null-promille.de\/tr\/","name":"Hamile misiniz? - Schwanger? Null Promille!","isPartOf":{"@id":"https:\/\/schwanger-null-promille.de\/tr\/#website"},"datePublished":"2020-08-05T16:29:27+00:00","dateModified":"2020-08-12T13:25:02+00:00","breadcrumb":{"@id":"https:\/\/schwanger-null-promille.de\/tr\/#breadcrumb"},"inLanguage":"tr","potentialAction":[{"@type":"ReadAction","target":["https:\/\/schwanger-null-promille.de\/tr\/"]}]},{"@type":"BreadcrumbList","@id":"https:\/\/schwanger-null-promille.de\/tr\/#breadcrumb","itemListElement":[{"@type":"ListItem","position":1,"name":"Home","item":"https:\/\/schwanger-null-promille.de\/tr\/"},{"@type":"ListItem","position":2,"name":"Hamile misiniz?"}]},{"@type":"WebSite","@id":"https:\/\/schwanger-null-promille.de\/tr\/#website","url":"https:\/\/schwanger-null-promille.de\/tr\/","name":"Schwanger? Null Promille!","description":"Informationen f\u00fcr werdende M\u00fctter und alle, die sie in der Schwangerschaft begleiten","publisher":{"@id":"https:\/\/schwanger-null-promille.de\/tr\/#organization"},"alternateName":"Kein Tropfen Alkohol in der Schwangerschaft: kleiner Verzicht, gr\u00f6\u00dftes Gl\u00fcck!","potentialAction":[{"@type":"SearchAction","target":{"@type":"EntryPoint","urlTemplate":"https:\/\/schwanger-null-promille.de\/tr\/?s={search_term_string}"},"query-input":{"@type":"PropertyValueSpecification","valueRequired":true,"valueName":"search_term_string"}}],"inLanguage":"tr"},{"@type":"Organization","@id":"https:\/\/schwanger-null-promille.de\/tr\/#organization","name":"Bayerisches Zentrum f\u00fcr Pr\u00e4vention und Gesundheitsf\u00f6rderung im LGL Bayern","alternateName":"ZPG Bayern","url":"https:\/\/schwanger-null-promille.de\/tr\/","logo":{"@type":"ImageObject","inLanguage":"tr","@id":"https:\/\/schwanger-null-promille.de\/tr\/#\/schema\/logo\/image\/","url":"https:\/\/schwanger-null-promille.de\/wp-content\/uploads\/2019\/09\/cropped-Schwanger-Null-Promille-LOGO-1of2-Textmarke.png","contentUrl":"https:\/\/schwanger-null-promille.de\/wp-content\/uploads\/2019\/09\/cropped-Schwanger-Null-Promille-LOGO-1of2-Textmarke.png","width":749,"height":254,"caption":"Bayerisches Zentrum f\u00fcr Pr\u00e4vention und Gesundheitsf\u00f6rderung im LGL Bayern"},"image":{"@id":"https:\/\/schwanger-null-promille.de\/tr\/#\/schema\/logo\/image\/"},"sameAs":["https:\/\/www.facebook.com\/SchwangerNullPromille"]}]}},"_links":{"self":[{"href":"https:\/\/schwanger-null-promille.de\/tr\/wp-json\/wp\/v2\/pages\/9062","targetHints":{"allow":["GET"]}}],"collection":[{"href":"https:\/\/schwanger-null-promille.de\/tr\/wp-json\/wp\/v2\/pages"}],"about":[{"href":"https:\/\/schwanger-null-promille.de\/tr\/wp-json\/wp\/v2\/types\/page"}],"author":[{"embeddable":true,"href":"https:\/\/schwanger-null-promille.de\/tr\/wp-json\/wp\/v2\/users\/2"}],"replies":[{"embeddable":true,"href":"https:\/\/schwanger-null-promille.de\/tr\/wp-json\/wp\/v2\/comments?post=9062"}],"version-history":[{"count":6,"href":"https:\/\/schwanger-null-promille.de\/tr\/wp-json\/wp\/v2\/pages\/9062\/revisions"}],"predecessor-version":[{"id":9264,"href":"https:\/\/schwanger-null-promille.de\/tr\/wp-json\/wp\/v2\/pages\/9062\/revisions\/9264"}],"wp:attachment":[{"href":"https:\/\/schwanger-null-promille.de\/tr\/wp-json\/wp\/v2\/media?parent=9062"}],"curies":[{"name":"wp","href":"https:\/\/api.w.org\/{rel}","templated":true}]}}